{"id":60,"date":"2016-05-12T11:15:41","date_gmt":"2016-05-12T11:15:41","guid":{"rendered":"http:\/\/raratheme.com\/preview\/benevolent\/?page_id=60"},"modified":"2023-11-22T14:34:42","modified_gmt":"2023-11-22T12:34:42","slug":"blog","status":"publish","type":"page","link":"https:\/\/ryderalbania.org.al\/sq\/blog\/","title":{"rendered":"Sh\u00ebrbimi p\u00ebr pacient\u00ebt terminal"},"content":{"rendered":"\n<p>SHRA ka nj\u00eb p\u00ebrvoj\u00eb 30 vje\u00e7are n\u00eb fush\u00ebn e kujdesit paliativ p\u00ebr pacient\u00ebt q\u00eb vuajn\u00eb nga s\u00ebmundje k\u00ebrc\u00ebnuese p\u00ebr jet\u00ebn, t\u00eb moshuar me s\u00ebmundje kronike etj. Sh\u00ebrbimi n\u00eb sht\u00ebpi ofrohet falas nga <strong>dy ekipe<\/strong> multidisiplinare (Tiran\u00eb dhe Durr\u00ebs) t\u00eb p\u00ebrb\u00ebr\u00eb nga mjek\u00eb, infermier\u00eb, punonj\u00ebs social\u00eb dhe kujdestar\u00eb.&nbsp; <\/p>\n\n\n\n<p>Sh\u00ebrbimi konsiston n\u00eb <strong>vizitat n\u00eb banes\u00eb<\/strong>, q\u00eb synojn\u00eb kontrollin e simptomave t\u00eb s\u00ebmundjes, p\u00ebrshkrimin e medikamenteve t\u00eb rimbursuara, sh\u00ebrbime infermieristike, mb\u00ebshtetje psikosociale p\u00ebr pacientin dhe familjen, pajisjen me mjete dhe materiale mjek\u00ebsore, shoq\u00ebrimin dhe kujdesin e pacientit apo t\u00eb t\u00eb moshuarve, etj. <\/p>\n\n\n\n<p>Sh\u00ebrbimi ofrohet <strong>\u00e7do dit\u00eb<\/strong> nga e h\u00ebna n\u00eb t\u00eb premte nga <strong>ora 8.30 \u2013 16.30<\/strong> dhe frekuenca e vizit\u00ebs n\u00eb sht\u00ebpi p\u00ebr nj\u00eb pacient p\u00ebrcaktohet n\u00eb var\u00ebsi t\u00eb nevoj\u00ebs, por<strong> jo m\u00eb pak se nj\u00eb her\u00eb n\u00eb jav\u00eb<\/strong>.<\/p>\n\n\n\n<h4 class=\"wp-block-heading\"><strong>Lista e dokumentave t\u00eb nevojsh<strong>\u00eb<\/strong>m p\u00ebr t\u00eb p\u00ebrfituar sh\u00ebrbimin e kujdesit paliativ n\u00eb banes\u00eb<\/strong>:<\/h4>\n\n\n\n<ul class=\"wp-block-list\">\n<li>Rekomandim nga mjeku onkolog p\u00ebr kujdes paliativ<\/li>\n\n\n\n<li>Rekomandim nga mjeku i familjes p\u00ebr kujdes paliativ<\/li>\n\n\n\n<li>Karta e sh\u00ebndetit t\u00eb pacientit<\/li>\n\n\n\n<li>Ekzaminime t\u00eb fundit.<\/li>\n<\/ul>\n\n\n\n<figure class=\"wp-block-embed is-type-video is-provider-youtube wp-block-embed-youtube wp-embed-aspect-16-9 wp-has-aspect-ratio\"><div class=\"wp-block-embed__wrapper\">\n<iframe loading=\"lazy\" title=\"Advokim p\u00ebr sh\u00ebrbimin n\u00eb sht\u00ebpi\" width=\"780\" height=\"439\" src=\"https:\/\/www.youtube.com\/embed\/TXZBcqTRnCk?feature=oembed\" frameborder=\"0\" allow=\"accelerometer; autoplay; clipboard-write; encrypted-media; gyroscope; picture-in-picture; web-share\" allowfullscreen><\/iframe>\n<\/div><\/figure>\n","protected":false},"excerpt":{"rendered":"<p>SHRA ka nj\u00eb p\u00ebrvoj\u00eb 30 vje\u00e7are n\u00eb fush\u00ebn e kujdesit paliativ p\u00ebr pacient\u00ebt q\u00eb vuajn\u00eb nga s\u00ebmundje k\u00ebrc\u00ebnuese p\u00ebr jet\u00ebn, t\u00eb moshuar me s\u00ebmundje kronike etj. Sh\u00ebrbimi n\u00eb sht\u00ebpi ofrohet falas nga dy ekipe multidisiplinare (Tiran\u00eb dhe Durr\u00ebs) t\u00eb p\u00ebrb\u00ebr\u00eb nga mjek\u00eb, infermier\u00eb, punonj\u00ebs social\u00eb dhe kujdestar\u00eb.&nbsp; Sh\u00ebrbimi konsiston n\u00eb vizitat n\u00eb banes\u00eb, q\u00eb synojn\u00eb kontrollin e simptomave t\u00eb s\u00ebmundjes, &hellip; <\/p>\n","protected":false},"author":1,"featured_media":0,"parent":0,"menu_order":0,"comment_status":"closed","ping_status":"closed","template":"","meta":{"footnotes":""},"class_list":["post-60","page","type-page","status-publish","hentry"],"_links":{"self":[{"href":"https:\/\/ryderalbania.org.al\/sq\/wp-json\/wp\/v2\/pages\/60"}],"collection":[{"href":"https:\/\/ryderalbania.org.al\/sq\/wp-json\/wp\/v2\/pages"}],"about":[{"href":"https:\/\/ryderalbania.org.al\/sq\/wp-json\/wp\/v2\/types\/page"}],"author":[{"embeddable":true,"href":"https:\/\/ryderalbania.org.al\/sq\/wp-json\/wp\/v2\/users\/1"}],"replies":[{"embeddable":true,"href":"https:\/\/ryderalbania.org.al\/sq\/wp-json\/wp\/v2\/comments?post=60"}],"version-history":[{"count":12,"href":"https:\/\/ryderalbania.org.al\/sq\/wp-json\/wp\/v2\/pages\/60\/revisions"}],"predecessor-version":[{"id":2576,"href":"https:\/\/ryderalbania.org.al\/sq\/wp-json\/wp\/v2\/pages\/60\/revisions\/2576"}],"wp:attachment":[{"href":"https:\/\/ryderalbania.org.al\/sq\/wp-json\/wp\/v2\/media?parent=60"}],"curies":[{"name":"wp","href":"https:\/\/api.w.org\/{rel}","templated":true}]}}