{"id":2348,"date":"2023-10-25T15:03:10","date_gmt":"2023-10-25T13:03:10","guid":{"rendered":"https:\/\/ryderalbania.org.al\/?page_id=2348"},"modified":"2023-10-25T15:16:05","modified_gmt":"2023-10-25T13:16:05","slug":"projekte","status":"publish","type":"page","link":"https:\/\/ryderalbania.org.al\/sq\/projekte\/","title":{"rendered":"Projekte"},"content":{"rendered":"\n<p>Projekte t\u00eb zbatuara nga Shoqata Ryder Albania nd\u00ebr vite:<\/p>\n\n\n\n<ul class=\"wp-block-list\">\n<li><strong>Kujdesi n\u00eb banes\u00eb n\u00eb Shqip\u00ebri<\/strong> &#8211; (Sue Ryder Care, UK, 1993-2022)<\/li>\n\n\n\n<li><strong>Kujdesi n\u00eb banes\u00eb p\u00ebr pacient\u00ebt terminal me kancer n\u00eb Tiran\u00eb, Durr\u00ebs dhe rritja e kapaciteteve t\u00eb personelit t\u00eb kujdesit par\u00ebsor\u00a0 p\u00ebr kujdesin paliativ n\u00eb Fier dhe Vlor\u00eb <\/strong>&#8211;<strong> <\/strong>(Sue Ryder Care, UK, Shoqata Ryder Albania, Fondacioni Vodafone, 2009-2010)<\/li>\n\n\n\n<li><strong>Kujdesi p\u00ebr f\u00ebmij\u00ebt n\u00eb situat\u00eb zie<\/strong> &#8211; (Komisioni i ndihm\u00ebs p\u00ebr Jersey jasht\u00eb shtetit, Sue Ryder Care)<\/li>\n\n\n\n<li><strong>Zgjerimi i Asistenc\u00ebs n\u00eb Sht\u00ebpi p\u00ebr Pacientin me Kancer (Kujdes Paliativ) n\u00eb Qytetin e Durr\u00ebsit<\/strong> &#8211; ( Delegacioni i Komisionit Evropian n\u00eb Tiran\u00eb, Programi Sue Ryder Foundation i MB, Shoqata Ryder Albania.)<\/li>\n\n\n\n<li><strong>Dhurimi i nj\u00eb momenti<\/strong> &#8211; (Fondacioni Vodafone, Sue Ryder Care UK, Shoqata Ryder Albania, 2010-2011)<\/li>\n\n\n\n<li><strong>Ndihma n\u00eb sht\u00ebpi e pacient\u00ebve terminal\u00eb kronik\u00eb (onkologji, AIDS, t\u00eb moshuar, etj.) n\u00eb Tiran\u00eb dhe n\u00eb zonat p\u00ebrreth<\/strong> &#8211; (Komisioni Evropian, Bruksel, Programi PHARE-LIEN, Instituti p\u00ebr Bashk\u00ebpunim Universitar -Roma, Itali, Fondacioni Sue Ryder i Britanis\u00eb s\u00eb Madhe, Stiftung Limmat &#8211; Zvic\u00ebr.)<\/li>\n\n\n\n<li><strong>Zgjerimi dhe rritja e ndihm\u00ebs p\u00ebr pacient\u00ebt me kancer terminal, t\u00eb moshuar, e<\/strong>tj &#8211; (Fondacioni i Shoq\u00ebris\u00eb s\u00eb Hapur p\u00ebr Shqip\u00ebrin\u00eb Fondacioni Sue Ryder \u2013 MB)<\/li>\n\n\n\n<li><strong>Sh\u00ebrbimi i Kujdesit Paliativ p\u00ebr Pacient\u00ebt Terminal\u00eb dhe Familjet e tyre q\u00eb jan\u00eb Pran\u00eb Nivelit t\u00eb Varf\u00ebris\u00eb &#8211; <\/strong>(Fondacioni i Shoq\u00ebris\u00eb s\u00eb Hapur p\u00ebr Shqip\u00ebrin\u00eb (OSFA), Sue Ryder Care Uk , 2011-2012)<\/li>\n\n\n\n<li><strong>Monitorimi i Sh\u00ebrbimit Paliativ p\u00ebr Pacient\u00ebt me Kancer dhe Kronik\u00eb n\u00eb Durr\u00ebs<\/strong> &#8211; (Leviz Albania , 2017-2018)<\/li>\n\n\n\n<li><strong>Organizimi i kursit t\u00eb trajnimit me tem\u00eb: Kujdesi paliativ n\u00eb t\u00eb s\u00ebmur\u00ebt terminal\u00eb me kancer, SIDA etj me mjek\u00eb dhe infermier\u00eb n\u00eb Tropoj\u00eb, Dib\u00ebr,Lezh\u00eb<\/strong> &#8211; (Mary \u00cbard Loreto, 2017-2018)<\/li>\n\n\n\n<li><strong>Ndihma humanitare p\u00ebr zonat e prekura nga t\u00ebrmeti<\/strong> &#8211; (Global Albania Foundation,  2020-2021)<\/li>\n\n\n\n<li><strong>Fuqizimi i rrjetit t\u00eb sh\u00ebrbimeve t\u00eb kujdesit paliativ n\u00eb Shqip\u00ebri<\/strong> &#8211; (Hospices of Hope , UK, 2018- 2022)<\/li>\n\n\n\n<li><strong>S\u00eb bashku t\u00eb advokojm\u00eb p\u00ebr krijimin e modelit t\u00eb sh\u00ebrbimit n\u00eb banes\u00eb\u00a0 p\u00ebr t\u00eb moshuarit, n\u00eb bashkin\u00eb Tiran\u00eb<\/strong> &#8211; (Leviz Albania, 2021)<\/li>\n\n\n\n<li><strong>Sh\u00ebrbim multidisiplinar n\u00eb banes\u00eb p\u00ebr t\u00eb moshuarit n\u00eb nevoj\u00eb dhe t\u00eb vetmuar n\u00eb Bashkin\u00eb Tiran\u00eb<\/strong> &#8211; (Bashkia Tiran\u00eb, 2021)<\/li>\n\n\n\n<li><strong>Kujdesi paliativ- Kujdesi im , E drejta ime <\/strong>&#8211; (Balkan Civil Society Development Network &amp; Swedish International Development Agency (SIDA) 2021-202)<\/li>\n\n\n\n<li><strong>Thirrja e pacient\u00ebve p\u00ebr kujdes paliativ<\/strong> &#8211; Agjensia Sllovake p\u00ebr Bashk\u00ebpunim dhe zhvillim Nd\u00ebrkomb\u00ebtar 2021-2022)<\/li>\n\n\n\n<li><strong>Ne kujdesemi <\/strong>&#8211; (Balkan Civil Society Development Network &amp; Swedish International Development Agency (SIDA) 2022)<\/li>\n\n\n\n<li><strong>Organizimi i kursit t\u00eb trajnimit p\u00ebr mjek\u00eb, infermier\u00eb dhe punonj\u00ebs social me tem\u00eb: Kujdesi paliativ i nj\u00eb qasje holistike p\u00ebr pacient\u00ebt me kancer dhe jo kancer<\/strong>. (Hospices of Hope Network, Medical Education International 2022)<\/li>\n\n\n\n<li><strong>Ofrimi I sh\u00ebrbimit n\u00eb banes\u00eb p\u00ebr t\u00eb moshuarit n\u00eb Tiran\u00eb <\/strong>&#8211; (EU Funds 2022-2025)<\/li>\n\n\n\n<li><strong>Ofrim i aktiviteteve trajnuese p\u00ebr forcimin e kapaciteteve profesionale t\u00eb infermiereve, p\u00ebr ofrimin e kujdesit n\u00eb banes\u00eb, p\u00ebr 4 (kat\u00ebr) QSH n\u00eb qarkun e Tiran\u00ebs dhe 4 (kat\u00ebr ) QSH\u00a0 n\u00eb qarkun e Durr\u00ebsit me tem\u00eb: \u201cProcedurat standadte infermierore t\u00eb ofrimit t\u00eb kujdesi sh\u00ebndet\u00ebsor n\u00eb banes\u00eb\u201d <\/strong>(HAP- Help for All Project, 2023)<\/li>\n\n\n\n<li><strong>Ofrimi I aktiviteteve trajnuse p\u00ebr forcimin e kapaciteteve profesionale t\u00eb mjek\u00ebve dhe infermier\u00ebve t\u00eb kujdesit sh\u00ebndet\u00ebsor par\u00ebsor n\u00eb Berat , Shkod\u00ebr, Kor\u00e7\u00eb, Elbasan , Tiran\u00eb p\u00ebr \u201cKujdesi mjek\u00ebsor p\u00ebr t\u00eb moshuarit n\u00eb KSHP\u201d<\/strong> ( HAP- Help for All Project, 2023 )<\/li>\n<\/ul>\n","protected":false},"excerpt":{"rendered":"<p>Projekte t\u00eb zbatuara nga Shoqata Ryder Albania nd\u00ebr vite:<\/p>\n","protected":false},"author":2,"featured_media":0,"parent":0,"menu_order":0,"comment_status":"closed","ping_status":"closed","template":"","meta":{"footnotes":""},"class_list":["post-2348","page","type-page","status-publish","hentry"],"_links":{"self":[{"href":"https:\/\/ryderalbania.org.al\/sq\/wp-json\/wp\/v2\/pages\/2348"}],"collection":[{"href":"https:\/\/ryderalbania.org.al\/sq\/wp-json\/wp\/v2\/pages"}],"about":[{"href":"https:\/\/ryderalbania.org.al\/sq\/wp-json\/wp\/v2\/types\/page"}],"author":[{"embeddable":true,"href":"https:\/\/ryderalbania.org.al\/sq\/wp-json\/wp\/v2\/users\/2"}],"replies":[{"embeddable":true,"href":"https:\/\/ryderalbania.org.al\/sq\/wp-json\/wp\/v2\/comments?post=2348"}],"version-history":[{"count":5,"href":"https:\/\/ryderalbania.org.al\/sq\/wp-json\/wp\/v2\/pages\/2348\/revisions"}],"predecessor-version":[{"id":2356,"href":"https:\/\/ryderalbania.org.al\/sq\/wp-json\/wp\/v2\/pages\/2348\/revisions\/2356"}],"wp:attachment":[{"href":"https:\/\/ryderalbania.org.al\/sq\/wp-json\/wp\/v2\/media?parent=2348"}],"curies":[{"name":"wp","href":"https:\/\/api.w.org\/{rel}","templated":true}]}}