{"id":2166,"date":"2023-10-13T18:07:56","date_gmt":"2023-10-13T16:07:56","guid":{"rendered":"https:\/\/ryderalbania.org.al\/?page_id=2166"},"modified":"2023-10-17T11:58:01","modified_gmt":"2023-10-17T09:58:01","slug":"si-mund-te-ndihmoni","status":"publish","type":"page","link":"https:\/\/ryderalbania.org.al\/sq\/si-mund-te-ndihmoni\/","title":{"rendered":"SI mund t\u00eb p\u00ebrfshihesh"},"content":{"rendered":"\n<p><\/p>\n\n\n\n<p>Nd\u00ebr nevojat q\u00eb ne kemi listuar m\u00eb posht\u00eb, ju mund t\u00eb zgjidhni t\u00eb ndihmoni duke u p\u00ebrfshir\u00eb tek nj\u00eb ose disa prej tyre ku e gjeni veten me d\u00ebshir\u00ebn, aft\u00ebsit\u00eb apo interesat tuaja. <\/p>\n\n\n\n<p><strong><b style=\"font-size: revert; text-indent: -0.25in; color: initial;\"><span lang=\"IT\"><mark style=\"background-color:rgba(0, 0, 0, 0)\" class=\"has-inline-color has-vivid-red-color\">NDIHM<strong><b style=\"font-size: revert; text-indent: -0.25in; color: initial;\"><span lang=\"IT\"><strong><b style=\"font-size: revert; text-indent: -0.25in; color: initial;\"><span lang=\"IT\"><mark style=\"background-color:rgba(0, 0, 0, 0)\" class=\"has-inline-color has-vivid-red-color\">\u00cb<\/mark><\/span><\/b><\/strong><\/span><\/b><\/strong> DIREKTE P\u00cb<\/mark><\/span><\/b><mark style=\"background-color:rgba(0, 0, 0, 0)\" class=\"has-inline-color has-vivid-red-color\">R PACIENTIN <\/mark><\/strong><\/p>\n\n\n\n<ul class=\"wp-block-list\">\n<li><strong>Kujdesi mjek\u00ebsor<\/strong> ~ (vler\u00ebsimi i gj\u00ebndjes sh\u00ebndet\u00ebsore (parametrave), kontrolli i dhimbjes dhe simptomave, manipulime t\u00eb ndryshme infermieristike, masazhe terapeutike, etj.<\/li>\n\n\n\n<li><strong>Kujdesi psiko- social <\/strong>~ (vler\u00ebsim, mb\u00ebshtetje emocionale, k\u00ebshillim, negocim, vendosjen e lidhjeve me familjar\u00ebt, adresimi i nevojave dhe problematikave t\u00eb pacient\u00ebve dhe t\u00eb moshuarve dhe familjar\u00ebve n\u00eb burimet e komunitetit (institucione, organizata), etj.<\/li>\n\n\n\n<li><strong>Kujdesi i kujdestar<strong>\u00eb<\/strong>ve<\/strong> ~ (ndihm\u00eb p\u00ebr higjen\u00ebn personale, ndihm\u00eb p\u00ebr t\u00eb l\u00ebvizur dhe p\u00ebr t\u2019u p\u00ebrfshir\u00eb n\u00eb aktivitete fizike, ndihm\u00eb n\u00eb p\u00ebrgatitjen e vakteve, shoq\u00ebrim brenda dhe jasht\u00eb banes\u00ebs p\u00ebr t\u00eb kryer sh\u00ebrbime t\u00eb ndryshme etj.<\/li>\n<\/ul>\n\n\n\n<p><strong><mark style=\"background-color:rgba(0, 0, 0, 0)\" class=\"has-inline-color has-vivid-red-color\"><b style=\"font-size: revert; text-indent: -0.25in; color: initial;\"><span lang=\"IT\"><strong><b style=\"font-size: revert; text-indent: -0.25in; color: initial;\"><span lang=\"IT\"><mark style=\"background-color:rgba(0, 0, 0, 0)\" class=\"has-inline-color has-vivid-red-color\">NDIHM<strong><b style=\"font-size: revert; text-indent: -0.25in; color: initial;\"><span lang=\"IT\"><strong><b style=\"font-size: revert; text-indent: -0.25in; color: initial;\"><span lang=\"IT\"><mark style=\"background-color:rgba(0, 0, 0, 0)\" class=\"has-inline-color has-vivid-red-color\">\u00cb<\/mark><\/span><\/b><\/strong><\/span><\/b><\/strong> <\/mark><\/span><\/b><\/strong><\/span><\/b>ME DETYRA ADMINISTRATIVE<\/mark><\/strong><\/p>\n\n\n\n<ul class=\"wp-block-list\">\n<li>Asistenc\u00eb n\u00eb procesin ruajtjes s\u00eb regjistrimeve dhe dokumentacionit, duke siguruar sakt\u00ebsi dhe konfidencialitet.<\/li>\n\n\n\n<li>Krijimi dhe manaxhimi i databazave t\u00eb shoqat\u00ebs, mbledhja, kontrolli dhe hedhja e t\u00eb dh\u00ebnave.<\/li>\n\n\n\n<li>Kryerja e hulumtime mbi praktikat m\u00eb t\u00eb mira n\u00eb kujdesin paliativ dhe proceset administrative.<\/li>\n\n\n\n<li>Ndihm\u00eb n\u00eb organizimin e programeve t\u00eb trajnimit p\u00ebr vullnetar\u00ebt.<\/li>\n\n\n\n<li>Ndihm\u00eb n\u00eb p\u00ebrgatitjen e raporteve, prezantimeve, etj.<\/li>\n\n\n\n<li>Planifikimi dhe koordinimi i aktiviteteve t\u00eb ndryshme si seminare, konferenca, trajnime, tryeza t\u00eb rrumbullakta.<\/li>\n\n\n\n<li>Asistenc\u00eb n\u00eb manaxhimin e rrjeteve sociale, mir\u00ebmbajtjen e faqes s\u00eb internetit dhe asistenc\u00eb teknike.<\/li>\n\n\n\n<li>Krijimi dhe dizenjimi i materialeve t\u00eb komunikimit, p\u00ebrfshir\u00eb broshura, postera, prezantime, raportime dhe materiale t\u00eb tjera promovuese.<\/li>\n<\/ul>\n\n\n\n<p><strong><mark style=\"background-color:rgba(0, 0, 0, 0)\" class=\"has-inline-color has-vivid-red-color\">NDIHM<b style=\"font-size: revert; text-indent: -0.25in; color: initial;\"><span lang=\"IT\"><strong><mark style=\"background-color:rgba(0, 0, 0, 0)\" class=\"has-inline-color has-vivid-red-color\"><b style=\"font-size: revert; text-indent: -0.25in; color: initial;\"><span lang=\"IT\"><strong><b style=\"font-size: revert; text-indent: -0.25in; color: initial;\"><span lang=\"IT\"><mark style=\"background-color:rgba(0, 0, 0, 0)\" class=\"has-inline-color has-vivid-red-color\"><strong><b style=\"font-size: revert; text-indent: -0.25in; color: initial;\"><span lang=\"IT\"><strong><b style=\"font-size: revert; text-indent: -0.25in; color: initial;\"><span lang=\"IT\"><mark style=\"background-color:rgba(0, 0, 0, 0)\" class=\"has-inline-color has-vivid-red-color\">\u00cb<\/mark><\/span><\/b><\/strong><\/span><\/b><\/strong><\/mark><\/span><\/b><\/strong><\/span><\/b><\/mark><\/strong><\/span><\/b> N<b style=\"font-size: revert; text-indent: -0.25in; color: initial;\"><span lang=\"IT\"><strong><mark style=\"background-color:rgba(0, 0, 0, 0)\" class=\"has-inline-color has-vivid-red-color\"><b style=\"font-size: revert; text-indent: -0.25in; color: initial;\"><span lang=\"IT\"><strong><b style=\"font-size: revert; text-indent: -0.25in; color: initial;\"><span lang=\"IT\"><mark style=\"background-color:rgba(0, 0, 0, 0)\" class=\"has-inline-color has-vivid-red-color\"><strong><b style=\"font-size: revert; text-indent: -0.25in; color: initial;\"><span lang=\"IT\"><strong><b style=\"font-size: revert; text-indent: -0.25in; color: initial;\"><span lang=\"IT\"><mark style=\"background-color:rgba(0, 0, 0, 0)\" class=\"has-inline-color has-vivid-red-color\">\u00cb<\/mark><\/span><\/b><\/strong><\/span><\/b><\/strong><\/mark><\/span><\/b><\/strong><\/span><\/b><\/mark><\/strong><\/span><\/b> NGRITJEN E FONDEVE &amp; ND<b style=\"font-size: revert; text-indent: -0.25in; color: initial;\"><span lang=\"IT\"><strong><mark style=\"background-color:rgba(0, 0, 0, 0)\" class=\"has-inline-color has-vivid-red-color\"><b style=\"font-size: revert; text-indent: -0.25in; color: initial;\"><span lang=\"IT\"><strong><b style=\"font-size: revert; text-indent: -0.25in; color: initial;\"><span lang=\"IT\"><mark style=\"background-color:rgba(0, 0, 0, 0)\" class=\"has-inline-color has-vivid-red-color\"><strong><b style=\"font-size: revert; text-indent: -0.25in; color: initial;\"><span lang=\"IT\"><strong><b style=\"font-size: revert; text-indent: -0.25in; color: initial;\"><span lang=\"IT\"><mark style=\"background-color:rgba(0, 0, 0, 0)\" class=\"has-inline-color has-vivid-red-color\">\u00cb<\/mark><\/span><\/b><\/strong><\/span><\/b><\/strong><\/mark><\/span><\/b><\/strong><\/span><\/b><\/mark><\/strong><\/span><\/b>RGJEGJ<span style=\"font-size: revert; text-indent: -0.25in; color: initial;\"><span lang=\"IT\" style=\"\"><b><strong><mark style=\"background-color:rgba(0, 0, 0, 0)\" class=\"has-inline-color has-vivid-red-color\"><b style=\"font-size: revert; text-indent: -0.25in; color: initial;\"><span lang=\"IT\"><strong><b style=\"font-size: revert; text-indent: -0.25in; color: initial;\"><span lang=\"IT\"><mark style=\"background-color:rgba(0, 0, 0, 0)\" class=\"has-inline-color has-vivid-red-color\"><strong><b style=\"font-size: revert; text-indent: -0.25in; color: initial;\"><span lang=\"IT\"><strong><b style=\"font-size: revert; text-indent: -0.25in; color: initial;\"><span lang=\"IT\"><mark style=\"background-color:rgba(0, 0, 0, 0)\" class=\"has-inline-color has-vivid-red-color\">\u00cb<\/mark><\/span><\/b><\/strong><\/span><\/b><\/strong><\/mark><\/span><\/b><\/strong><\/span><\/b><\/mark><\/strong><\/b><\/span><\/span>SIMI <\/mark><\/strong><\/p>\n\n\n\n<ul class=\"wp-block-list\">\n<li>Organizimi i eventeve dhe fushatave p\u00ebr t\u00eb mb\u00ebshtetur misionin ton\u00eb.<\/li>\n\n\n\n<li>Lidhja me komunitetin p\u00ebr t\u00eb sensibilizuar dhe nd\u00ebrgjegj\u00ebsuar rreth kujdesin paliativ.<\/li>\n\n\n\n<li>Krijimi dhe manaxhimi i fushatave n\u00eb media sociale p\u00ebr t\u00eb promovuar mbledhjen e fondeve.<\/li>\n\n\n\n<li>Zhvillimi dhe mbajtja e marr\u00ebdh\u00ebnieve me donator\u00eb dhe sponsor t\u00eb shoqat\u00ebs.<\/li>\n\n\n\n<li>Ndihm\u00eb n\u00eb k\u00ebrkimin dhe shkrimin e aplikimeve p\u00ebr grante p\u00ebr t\u00eb siguruar financime.<\/li>\n<\/ul>\n\n\n\n<p><strong><mark style=\"background-color:rgba(0, 0, 0, 0)\" class=\"has-inline-color has-vivid-red-color\">AMBASADOR<b style=\"font-size: revert; text-indent: -0.25in; color: initial;\"><span lang=\"IT\"><strong><b style=\"font-size: revert; text-indent: -0.25in; color: initial;\"><span lang=\"IT\"><strong><b style=\"font-size: revert; text-indent: -0.25in; color: initial;\"><span lang=\"IT\"><strong><b style=\"font-size: revert; text-indent: -0.25in; color: initial;\"><span lang=\"IT\"><strong><b style=\"font-size: revert; text-indent: -0.25in; color: initial;\"><span lang=\"IT\"><strong><mark style=\"background-color:rgba(0, 0, 0, 0)\" class=\"has-inline-color has-vivid-red-color\"><b style=\"font-size: revert; text-indent: -0.25in; color: initial;\"><span lang=\"IT\"><strong><mark style=\"background-color:rgba(0, 0, 0, 0)\" class=\"has-inline-color has-vivid-red-color\"><b style=\"font-size: revert; text-indent: -0.25in; color: initial;\"><span lang=\"IT\"><strong><b style=\"font-size: revert; text-indent: -0.25in; color: initial;\"><span lang=\"IT\"><mark style=\"background-color:rgba(0, 0, 0, 0)\" class=\"has-inline-color has-vivid-red-color\"><strong><b style=\"font-size: revert; text-indent: -0.25in; color: initial;\"><span lang=\"IT\"><strong><b style=\"font-size: revert; text-indent: -0.25in; color: initial;\"><span lang=\"IT\"><mark style=\"background-color:rgba(0, 0, 0, 0)\" class=\"has-inline-color has-vivid-red-color\">\u00cb<\/mark><\/span><\/b><\/strong><\/span><\/b><\/strong><\/mark><\/span><\/b><\/strong><\/span><\/b><\/mark><\/strong><\/span><\/b><\/mark><\/strong><\/span><\/b><\/strong><\/span><\/b><\/strong><\/span><\/b><\/strong><\/span><\/b><\/strong><\/span><\/b> T<b style=\"font-size: revert; text-indent: -0.25in; color: initial;\"><span lang=\"IT\"><strong><b style=\"font-size: revert; text-indent: -0.25in; color: initial;\"><span lang=\"IT\"><strong><b style=\"font-size: revert; text-indent: -0.25in; color: initial;\"><span lang=\"IT\"><strong><b style=\"font-size: revert; text-indent: -0.25in; color: initial;\"><span lang=\"IT\"><strong><b style=\"font-size: revert; text-indent: -0.25in; color: initial;\"><span lang=\"IT\"><strong><mark style=\"background-color:rgba(0, 0, 0, 0)\" class=\"has-inline-color has-vivid-red-color\"><b style=\"font-size: revert; text-indent: -0.25in; color: initial;\"><span lang=\"IT\"><strong><mark style=\"background-color:rgba(0, 0, 0, 0)\" class=\"has-inline-color has-vivid-red-color\"><b style=\"font-size: revert; text-indent: -0.25in; color: initial;\"><span lang=\"IT\"><strong><b style=\"font-size: revert; text-indent: -0.25in; color: initial;\"><span lang=\"IT\"><mark style=\"background-color:rgba(0, 0, 0, 0)\" class=\"has-inline-color has-vivid-red-color\"><strong><b style=\"font-size: revert; text-indent: -0.25in; color: initial;\"><span lang=\"IT\"><strong><b style=\"font-size: revert; text-indent: -0.25in; color: initial;\"><span lang=\"IT\"><mark style=\"background-color:rgba(0, 0, 0, 0)\" class=\"has-inline-color has-vivid-red-color\">\u00cb<\/mark><\/span><\/b><\/strong><\/span><\/b><\/strong><\/mark><\/span><\/b><\/strong><\/span><\/b><\/mark><\/strong><\/span><\/b><\/mark><\/strong><\/span><\/b><\/strong><\/span><\/b><\/strong><\/span><\/b><\/strong><\/span><\/b><\/strong><\/span><\/b> KUJDESIT PALIATIV<\/mark><\/strong><\/p>\n\n\n\n<ul class=\"wp-block-list\">\n<li>P\u00ebrfaq\u00ebsimi i Ryder Albania n\u00eb evente dhe takime komunitare.<\/li>\n\n\n\n<li>Advokimi p\u00ebr nd\u00ebrgjegj\u00ebsimin dhe mb\u00ebshtetjen e kujdesit paliativ dhe t\u00eb moshuarve n\u00eb nevoj\u00eb.<\/li>\n\n\n\n<li>Prezantime rreth misionit dhe sh\u00ebrbimeve t\u00eb organizat\u00ebs.<\/li>\n\n\n\n<li>Bashk\u00ebpunimi me ofruesit e kujdesit sh\u00ebndet\u00ebsor dhe organizatave vendore p\u00ebr t\u00eb promovuar kujdesin paliativ.<\/li>\n<\/ul>\n","protected":false},"excerpt":{"rendered":"<p>Nd\u00ebr nevojat q\u00eb ne kemi listuar m\u00eb posht\u00eb, ju mund t\u00eb zgjidhni t\u00eb ndihmoni duke u p\u00ebrfshir\u00eb tek nj\u00eb ose disa prej tyre ku e gjeni veten me d\u00ebshir\u00ebn, aft\u00ebsit\u00eb apo interesat tuaja. NDIHM\u00cb DIREKTE P\u00cbR PACIENTIN NDIHM\u00cb ME DETYRA ADMINISTRATIVE NDIHM\u00cb N\u00cb NGRITJEN E FONDEVE &amp; ND\u00cbRGJEGJ\u00cbSIMI AMBASADOR\u00cb T\u00cb KUJDESIT PALIATIV<\/p>\n","protected":false},"author":2,"featured_media":0,"parent":0,"menu_order":0,"comment_status":"closed","ping_status":"closed","template":"","meta":{"footnotes":""},"class_list":["post-2166","page","type-page","status-publish","hentry"],"_links":{"self":[{"href":"https:\/\/ryderalbania.org.al\/sq\/wp-json\/wp\/v2\/pages\/2166"}],"collection":[{"href":"https:\/\/ryderalbania.org.al\/sq\/wp-json\/wp\/v2\/pages"}],"about":[{"href":"https:\/\/ryderalbania.org.al\/sq\/wp-json\/wp\/v2\/types\/page"}],"author":[{"embeddable":true,"href":"https:\/\/ryderalbania.org.al\/sq\/wp-json\/wp\/v2\/users\/2"}],"replies":[{"embeddable":true,"href":"https:\/\/ryderalbania.org.al\/sq\/wp-json\/wp\/v2\/comments?post=2166"}],"version-history":[{"count":13,"href":"https:\/\/ryderalbania.org.al\/sq\/wp-json\/wp\/v2\/pages\/2166\/revisions"}],"predecessor-version":[{"id":2195,"href":"https:\/\/ryderalbania.org.al\/sq\/wp-json\/wp\/v2\/pages\/2166\/revisions\/2195"}],"wp:attachment":[{"href":"https:\/\/ryderalbania.org.al\/sq\/wp-json\/wp\/v2\/media?parent=2166"}],"curies":[{"name":"wp","href":"https:\/\/api.w.org\/{rel}","templated":true}]}}