{"id":2161,"date":"2023-10-13T18:05:45","date_gmt":"2023-10-13T16:05:45","guid":{"rendered":"https:\/\/ryderalbania.org.al\/?page_id=2161"},"modified":"2023-10-17T11:49:15","modified_gmt":"2023-10-17T09:49:15","slug":"pse-kemi-nevoje-per-ju","status":"publish","type":"page","link":"https:\/\/ryderalbania.org.al\/sq\/pse-kemi-nevoje-per-ju\/","title":{"rendered":"PSE kemi nevoj\u00eb p\u00ebr TY"},"content":{"rendered":"\n<p>Sh\u00ebrbimet tona t\u00eb kujdesit p\u00ebr t\u00eb s\u00ebmur\u00ebt me kancer n\u00eb faz\u00eb terminale dhe t\u00eb moshuar me s\u00ebmundje kronike n\u00eb banes\u00eb dhe n\u00eb qendr\u00ebn ambulatore, <strong>mb\u00ebshteten n\u00eb d\u00ebshir\u00ebn e gjithkujt<\/strong> q\u00eb mund t\u00eb dhuroja nga koha &amp; energjia e vet p\u00ebr t\u00eb p\u00ebrmir\u00ebsuar cil\u00ebsin\u00eb e jet\u00ebs p\u00ebr ata q\u00eb kan\u00eb nevoj\u00eb. Qofshin pak or\u00eb n\u00eb jav\u00eb, ato mjaftojn\u00eb p\u00ebr t\u00eb b\u00ebr\u00eb m\u00eb shum\u00eb.<\/p>\n\n\n\n<p>Na duhesh ti, <strong>i dashur vullnetar<\/strong>, sepse ke potencialin p\u00ebr t\u00eb ndikuar thell\u00ebsisht n\u00eb organizat\u00ebn dhe komunitetin ku ne punojm\u00eb. P\u00ebrmes kontributit tuaj, ju mund t\u00eb forconi kapacitetin dhe impaktin e organizat\u00ebs ton\u00eb, p\u00ebr t\u00eb p\u00ebrmir\u00ebsuar cil\u00ebsin\u00eb e jet\u00ebs s\u00eb p\u00ebrfituesve, duke rritur aksesin dhe cil\u00ebsin\u00eb e sh\u00ebrbimeve t\u00eb ofruara.<\/p>\n\n\n\n<p><strong>Ti, i dashur vullnetar<\/strong>, mund t\u00eb ndihmosh n\u00eb shum\u00eb m\u00ebnyra. Bazuar n\u00eb njohurit\u00eb, aft\u00ebsit\u00eb dhe mund\u00ebsit\u00eb q\u00eb ke. Mund t\u00eb ofrosh sh\u00ebrbime direkte p\u00ebr p\u00ebrfituesit e organizat\u00ebs n\u00eb shum\u00eb fusha si:  <\/p>\n\n\n\n<ul class=\"wp-block-list\">\n<li><strong>Ndihma dhe leht\u00ebsimi i ekipit multidisiplinar<\/strong> p\u00ebr t\u00eb ofruar sh\u00ebrbimin mjek\u00ebsor, infermieristik, psiko-social n\u00eb banes\u00eb &amp; qendr\u00ebn ambulatore<\/li>\n\n\n\n<li><strong>Detyra administrative<\/strong><\/li>\n\n\n\n<li><strong>Ngritje fondesh <\/strong><\/li>\n\n\n\n<li><strong><em>Shum\u00eb t\u00eb tjera  &nbsp;<\/em><\/strong><\/li>\n<\/ul>\n","protected":false},"excerpt":{"rendered":"<p>Sh\u00ebrbimet tona t\u00eb kujdesit p\u00ebr t\u00eb s\u00ebmur\u00ebt me kancer n\u00eb faz\u00eb terminale dhe t\u00eb moshuar me s\u00ebmundje kronike n\u00eb banes\u00eb dhe n\u00eb qendr\u00ebn ambulatore, mb\u00ebshteten n\u00eb d\u00ebshir\u00ebn e gjithkujt q\u00eb mund t\u00eb dhuroja nga koha &amp; energjia e vet p\u00ebr t\u00eb p\u00ebrmir\u00ebsuar cil\u00ebsin\u00eb e jet\u00ebs p\u00ebr ata q\u00eb kan\u00eb nevoj\u00eb. Qofshin pak or\u00eb n\u00eb jav\u00eb, ato mjaftojn\u00eb p\u00ebr t\u00eb b\u00ebr\u00eb &hellip; <\/p>\n","protected":false},"author":2,"featured_media":0,"parent":0,"menu_order":0,"comment_status":"closed","ping_status":"closed","template":"","meta":{"footnotes":""},"class_list":["post-2161","page","type-page","status-publish","hentry"],"_links":{"self":[{"href":"https:\/\/ryderalbania.org.al\/sq\/wp-json\/wp\/v2\/pages\/2161"}],"collection":[{"href":"https:\/\/ryderalbania.org.al\/sq\/wp-json\/wp\/v2\/pages"}],"about":[{"href":"https:\/\/ryderalbania.org.al\/sq\/wp-json\/wp\/v2\/types\/page"}],"author":[{"embeddable":true,"href":"https:\/\/ryderalbania.org.al\/sq\/wp-json\/wp\/v2\/users\/2"}],"replies":[{"embeddable":true,"href":"https:\/\/ryderalbania.org.al\/sq\/wp-json\/wp\/v2\/comments?post=2161"}],"version-history":[{"count":4,"href":"https:\/\/ryderalbania.org.al\/sq\/wp-json\/wp\/v2\/pages\/2161\/revisions"}],"predecessor-version":[{"id":2192,"href":"https:\/\/ryderalbania.org.al\/sq\/wp-json\/wp\/v2\/pages\/2161\/revisions\/2192"}],"wp:attachment":[{"href":"https:\/\/ryderalbania.org.al\/sq\/wp-json\/wp\/v2\/media?parent=2161"}],"curies":[{"name":"wp","href":"https:\/\/api.w.org\/{rel}","templated":true}]}}