{"id":2,"date":"2018-03-30T08:49:27","date_gmt":"2018-03-30T08:49:27","guid":{"rendered":"http:\/\/rarathemesdemo.com\/benevolent\/?page_id=2"},"modified":"2023-11-21T21:24:37","modified_gmt":"2023-11-21T19:24:37","slug":"kush-jemi","status":"publish","type":"page","link":"https:\/\/ryderalbania.org.al\/sq\/kush-jemi\/","title":{"rendered":"KUSH JEMI?"},"content":{"rendered":"\n<p><strong>Historiku:<\/strong><\/p>\n\n\n<blockquote>\n<p>Shoqata Ryder Albania (<strong>SHRA<\/strong>), ka filluar aktivitetin e saj n\u00eb vitin 1993 n\u00eb Tiran\u00eb dhe n\u00eb vitin 1996 n\u00eb Durr\u00ebs, si nj\u00eb sh\u00ebrbim falas i asistenc\u00ebs n\u00eb sht\u00ebpi (mjek\u00ebsore, psikologjike dhe social ekonomike) p\u00ebr t\u00eb s\u00ebmur\u00eb me kancer n\u00eb faz\u00eb terminale dhe t\u00eb moshuar me s\u00ebmundje kronike, me mb\u00ebshtetjen e <strong>Sue Ryder Care<\/strong> n\u00eb Britanin\u00eb e Madhe.<\/p>\n<p>N\u00eb vitin 2000, SHRA n\u00eb bashk\u00ebpunim me aktor\u00eb t\u00eb tjer\u00eb t\u00eb fush\u00ebs themeluan <em>Shoqat\u00ebn Shqiptare t\u00eb Kujdesit Paliativ<\/em>, si nj\u00eb shoqat\u00eb ombrell\u00eb p\u00ebr t\u00eb advokuar dhe lobuar p\u00ebr integrimin e kujdesit paliativ n\u00eb sistemin publik t\u00eb kujdesit sh\u00ebndet\u00ebsor dhe mbrojtur t\u00eb drejtat e pacient\u00ebve terminal\u00eb dhe familjar\u00ebve t\u00eb tyre.\u00a0<\/p>\n<p>N\u00eb vitet 2003 \u2013 2008 <strong>SHRA,<\/strong> n\u00eb partneritet me Sue Ryder UK, Sue Ryder Irland\u00eb dhe Fondacionin &#8220;Shoq\u00ebria e hapur p\u00ebr Shqip\u00ebrin\u00eb&#8221; themeluan Hospisin e par\u00eb n\u00eb vend, si nj\u00eb sh\u00ebrbim i specializuar me shtret\u00ebr p\u00ebr pacient\u00ebt terminal\u00eb. \u00a0\u00a0<\/p>\n<p>N\u00eb bashk\u00ebpunim me Ministrin\u00eb e Sh\u00ebndet\u00ebsis\u00eb (sot Ministria e Sh\u00ebndet\u00ebsis\u00eb dhe Mbrojtjes Sociale) dhe organizata t\u00eb tjera, q\u00eb operojn\u00eb n\u00eb fush\u00ebn e kujdesit paliativ, <strong>SHRA<\/strong> ka kontribuar n\u00eb hartimin e nj\u00eb s\u00ebr\u00eb dokumentave t\u00eb r\u00ebnd\u00ebsish\u00ebm p\u00ebr integrimin dhe zhvillimin e sh\u00ebrbimit paliativ n\u00eb sistemin publik t\u00eb kujdesit sh\u00ebndet\u00ebsor.<\/p>\n<p><em>Disa nga arritjet kryesore jan\u00eb<\/em>: hartimi dhe miratimi i ligjit t\u00eb kujdesit paliativ (2014) dhe aktet n\u00ebnligjore, planet e veprimit t\u00eb kujdesit paliativ, standardet e sh\u00ebrbimit, protokollet klinike, udh\u00ebrr\u00ebfyesi p\u00ebr m\u00ebnyr\u00ebn e ofrimit t\u00eb kujdesit, manuale trajnimit, botimi i disa teksteve n\u00eb gjuh\u00ebn shqipe p\u00ebr profesionist\u00ebt dhe publikun e gjer\u00eb, etj.<\/p>\n<p>N\u00eb periudh\u00ebn 2014 \u2013 2016, <strong>SHRA<\/strong> n\u00eb bashk\u00ebpunim me Ministrin\u00eb e Sh\u00ebndet\u00ebsis\u00eb dhe mb\u00ebshtetjen e fondacionit &#8220;Shoq\u00ebria e hapur p\u00ebr Shqip\u00ebrin\u00eb&#8221; \u00ebsht\u00eb angazhuar dhe ka kontribuar n\u00eb hapjen e nj\u00ebsive t\u00eb kujdesit paliativ pran\u00eb 9 spitaleve rajonale.<\/p>\n<p><strong>SHRA<\/strong> ka luajtur gjithashtu nj\u00eb rol t\u00eb r\u00ebnd\u00ebsish\u00ebm n\u00eb ngritjen e kapaciteteve t\u00eb profesionist\u00ebve t\u00eb sh\u00ebndetit (mjek\u00eb, infermier\u00eb, punonj\u00ebs social\u00eb, psikolog\u00eb) n\u00eb fush\u00ebn e kujdesit paliativ. Deri m\u00eb sot jan\u00eb <strong>trajnuar m\u00eb shum\u00eb se 1.000 profesionist\u00eb,<\/strong> si n\u00eb sh\u00ebrbimin par\u00ebsor ashtu edhe n\u00eb at\u00eb sekondar.<\/p>\n<p>Nga viti 2018 dhe aktualisht me mb\u00ebshtetjen e \u201c<em>Hospices of Hope<\/em>\u201d n\u00eb Britanin\u00eb e Madhe u b\u00eb i mundur zhvillimi dhe forcimi i sh\u00ebrbimit ekzistues si dhe zgjerimi i sh\u00ebrbimit ambulator p\u00ebr pacient\u00ebt q\u00eb vuajn\u00eb nga s\u00ebmundje k\u00ebrc\u00ebnuese p\u00ebr jet\u00ebn dhe t\u00eb moshuar me s\u00ebmundje kronike.<\/p>\n<p>P\u00ebr her\u00eb t\u00eb par\u00eb, n\u00eb vitin 2021, <strong>SHRA<\/strong> n\u00eb partneritet me Bashkin\u00eb e Tiran\u00ebs hodh\u00ebn themelet e sh\u00ebrbimit n\u00eb banes\u00eb p\u00ebr t\u00eb moshuarit e vetmuar dhe n\u00eb nevoj\u00eb, sh\u00ebrbim i cili aktualisht po mb\u00ebshtetet nga fondet IPA t\u00eb Komisionit Evropian.<\/p>\n<\/blockquote>\n<p><img loading=\"lazy\" decoding=\"async\" class=\"alignnone size-thumbnail wp-image-2126\" src=\"https:\/\/ryderalbania.org.al\/wp-content\/uploads\/2023\/09\/7-150x150.jpg\" alt=\"\" width=\"150\" height=\"150\" srcset=\"https:\/\/ryderalbania.org.al\/wp-content\/uploads\/2023\/09\/7-150x150.jpg 150w, https:\/\/ryderalbania.org.al\/wp-content\/uploads\/2023\/09\/7-275x275.jpg 275w, https:\/\/ryderalbania.org.al\/wp-content\/uploads\/2023\/09\/7-75x75.jpg 75w\" sizes=\"(max-width: 150px) 100vw, 150px\" \/> <img loading=\"lazy\" decoding=\"async\" class=\"alignnone size-thumbnail wp-image-2124\" src=\"https:\/\/ryderalbania.org.al\/wp-content\/uploads\/2023\/09\/5-150x150.jpg\" alt=\"\" width=\"150\" height=\"150\" srcset=\"https:\/\/ryderalbania.org.al\/wp-content\/uploads\/2023\/09\/5-150x150.jpg 150w, https:\/\/ryderalbania.org.al\/wp-content\/uploads\/2023\/09\/5-275x275.jpg 275w, https:\/\/ryderalbania.org.al\/wp-content\/uploads\/2023\/09\/5-75x75.jpg 75w\" sizes=\"(max-width: 150px) 100vw, 150px\" \/> <img loading=\"lazy\" decoding=\"async\" class=\"alignnone size-thumbnail wp-image-2128\" src=\"https:\/\/ryderalbania.org.al\/wp-content\/uploads\/2023\/09\/9-150x150.jpg\" alt=\"\" width=\"150\" height=\"150\" srcset=\"https:\/\/ryderalbania.org.al\/wp-content\/uploads\/2023\/09\/9-150x150.jpg 150w, https:\/\/ryderalbania.org.al\/wp-content\/uploads\/2023\/09\/9-275x275.jpg 275w, https:\/\/ryderalbania.org.al\/wp-content\/uploads\/2023\/09\/9-75x75.jpg 75w\" sizes=\"(max-width: 150px) 100vw, 150px\" \/><\/p>\n\n<\/p>\n<p><strong>Vizioni:<\/strong><\/p>\n<blockquote>\n<p>&#8220;Kujdesi q\u00eb leht\u00ebson jet\u00ebn.&#8221;<\/p>\n<\/blockquote>\n<p><strong>Misioni:<\/strong><\/p>\n<blockquote>\n<p>&#8220;Misioni yn\u00eb \u00ebsht\u00eb <em>t\u00eb rrisim cil\u00ebsin\u00eb e jet\u00ebs<\/em> s\u00eb pacient\u00ebve terminal\u00eb me kancer dhe t\u00eb t\u00eb moshuarve me s\u00ebmundje kronike, n\u00ebp\u00ebrmjet ofrimit t\u00eb nj\u00eb kujdesi cil\u00ebsor sh\u00ebndet\u00ebsor dhe psikosocial, n\u00eb <strong>banes\u00eb<\/strong> dhe n\u00eb <strong>qend\u00ebr<\/strong>, nga nj\u00eb <strong>staf i specializuar<\/strong>, i motivuar me vlera t\u00eb larta profesionale dhe morale.&#8221;<\/p>\n<\/blockquote>\n\n\n<figure class=\"wp-block-image size-large\"><img loading=\"lazy\" decoding=\"async\" width=\"1024\" height=\"446\" src=\"https:\/\/ryderalbania.org.al\/wp-content\/uploads\/2023\/09\/1-1024x446.jpg\" alt=\"\" class=\"wp-image-2120\" srcset=\"https:\/\/ryderalbania.org.al\/wp-content\/uploads\/2023\/09\/1-1024x446.jpg 1024w, https:\/\/ryderalbania.org.al\/wp-content\/uploads\/2023\/09\/1-300x131.jpg 300w, https:\/\/ryderalbania.org.al\/wp-content\/uploads\/2023\/09\/1-768x335.jpg 768w, https:\/\/ryderalbania.org.al\/wp-content\/uploads\/2023\/09\/1-1536x670.jpg 1536w, https:\/\/ryderalbania.org.al\/wp-content\/uploads\/2023\/09\/1-2048x893.jpg 2048w\" sizes=\"(max-width: 1024px) 100vw, 1024px\" \/><\/figure>\n","protected":false},"excerpt":{"rendered":"<p>Historiku: Shoqata Ryder Albania (SHRA), ka filluar aktivitetin e saj n\u00eb vitin 1993 n\u00eb Tiran\u00eb dhe n\u00eb vitin 1996 n\u00eb Durr\u00ebs, si nj\u00eb sh\u00ebrbim falas i asistenc\u00ebs n\u00eb sht\u00ebpi (mjek\u00ebsore, psikologjike dhe social ekonomike) p\u00ebr t\u00eb s\u00ebmur\u00eb me kancer n\u00eb faz\u00eb terminale dhe t\u00eb moshuar me s\u00ebmundje kronike, me mb\u00ebshtetjen e Sue Ryder Care n\u00eb Britanin\u00eb e Madhe. N\u00eb vitin &hellip; <\/p>\n","protected":false},"author":1,"featured_media":0,"parent":0,"menu_order":0,"comment_status":"closed","ping_status":"closed","template":"","meta":{"footnotes":""},"class_list":["post-2","page","type-page","status-publish","hentry"],"_links":{"self":[{"href":"https:\/\/ryderalbania.org.al\/sq\/wp-json\/wp\/v2\/pages\/2"}],"collection":[{"href":"https:\/\/ryderalbania.org.al\/sq\/wp-json\/wp\/v2\/pages"}],"about":[{"href":"https:\/\/ryderalbania.org.al\/sq\/wp-json\/wp\/v2\/types\/page"}],"author":[{"embeddable":true,"href":"https:\/\/ryderalbania.org.al\/sq\/wp-json\/wp\/v2\/users\/1"}],"replies":[{"embeddable":true,"href":"https:\/\/ryderalbania.org.al\/sq\/wp-json\/wp\/v2\/comments?post=2"}],"version-history":[{"count":6,"href":"https:\/\/ryderalbania.org.al\/sq\/wp-json\/wp\/v2\/pages\/2\/revisions"}],"predecessor-version":[{"id":2529,"href":"https:\/\/ryderalbania.org.al\/sq\/wp-json\/wp\/v2\/pages\/2\/revisions\/2529"}],"wp:attachment":[{"href":"https:\/\/ryderalbania.org.al\/sq\/wp-json\/wp\/v2\/media?parent=2"}],"curies":[{"name":"wp","href":"https:\/\/api.w.org\/{rel}","templated":true}]}}