{"id":1871,"date":"2023-07-25T23:17:50","date_gmt":"2023-07-25T21:17:50","guid":{"rendered":"https:\/\/ryderalbania.org.al\/?page_id=1871"},"modified":"2025-09-09T10:03:21","modified_gmt":"2025-09-09T08:03:21","slug":"botime","status":"publish","type":"page","link":"https:\/\/ryderalbania.org.al\/sq\/botime\/","title":{"rendered":"Botime"},"content":{"rendered":"\n<div class=\"wp-block-file\"><a id=\"wp-block-file--media-546e2000-76a3-431e-b821-98c9fd3c9d78\" href=\"https:\/\/ryderalbania.org.al\/wp-content\/uploads\/2023\/10\/Fletpalosje_compressed.pdf\">Fletpalosje_compressed<\/a><a href=\"https:\/\/ryderalbania.org.al\/wp-content\/uploads\/2023\/10\/Fletpalosje_compressed.pdf\" class=\"wp-block-file__button wp-element-button\" download aria-describedby=\"wp-block-file--media-546e2000-76a3-431e-b821-98c9fd3c9d78\">Shkarko<\/a><\/div>\n\n\n\n<div class=\"wp-block-file\"><a id=\"wp-block-file--media-5a244d49-18dd-4000-a627-1b58dae5f44a\" href=\"https:\/\/ryderalbania.org.al\/wp-content\/uploads\/2023\/10\/Hospisi-dhe-kujdesi-paliativ.pdf\">Hospisi dhe kujdesi paliativ<\/a><a href=\"https:\/\/ryderalbania.org.al\/wp-content\/uploads\/2023\/10\/Hospisi-dhe-kujdesi-paliativ.pdf\" class=\"wp-block-file__button wp-element-button\" download aria-describedby=\"wp-block-file--media-5a244d49-18dd-4000-a627-1b58dae5f44a\">Shkarko<\/a><\/div>\n\n\n\n<div class=\"wp-block-file\"><a id=\"wp-block-file--media-d9ad9134-1054-4c5a-bdca-fe2632de810f\" href=\"https:\/\/ryderalbania.org.al\/wp-content\/uploads\/2023\/10\/July-Palliative-Care-in-Albania-Final-Report.pdf\">July- Palliative Care in Albania Final Report<\/a><a href=\"https:\/\/ryderalbania.org.al\/wp-content\/uploads\/2023\/10\/July-Palliative-Care-in-Albania-Final-Report.pdf\" class=\"wp-block-file__button wp-element-button\" download aria-describedby=\"wp-block-file--media-d9ad9134-1054-4c5a-bdca-fe2632de810f\">Shkarko<\/a><\/div>\n\n\n\n<div class=\"wp-block-file\"><a id=\"wp-block-file--media-754c336f-2c2e-438e-bc29-4f3b5941ad00\" href=\"https:\/\/ryderalbania.org.al\/wp-content\/uploads\/2023\/10\/Kujdesi-paliativ-Cikel-leksionesh.pdf\">Kujdesi paliativ (Cikel leksionesh)<\/a><a href=\"https:\/\/ryderalbania.org.al\/wp-content\/uploads\/2023\/10\/Kujdesi-paliativ-Cikel-leksionesh.pdf\" class=\"wp-block-file__button wp-element-button\" download aria-describedby=\"wp-block-file--media-754c336f-2c2e-438e-bc29-4f3b5941ad00\">Shkarko<\/a><\/div>\n\n\n\n<div class=\"wp-block-file\"><a id=\"wp-block-file--media-623a6a3e-7891-4dd7-b51e-9fcee25ad713\" href=\"https:\/\/ryderalbania.org.al\/wp-content\/uploads\/2023\/10\/Monitorimi-i-bazuar-ne-evidenca-te-planit-social-dhe-perfshirjes-sociale-per-Bashkine-Tirane.pdf\">Monitorimi i bazuar n\u00eb evidenca t\u00eb planit social dhe p\u00ebrfshirjes sociale per Bashkin\u00eb Tiran\u00eb<\/a><a href=\"https:\/\/ryderalbania.org.al\/wp-content\/uploads\/2023\/10\/Monitorimi-i-bazuar-ne-evidenca-te-planit-social-dhe-perfshirjes-sociale-per-Bashkine-Tirane.pdf\" class=\"wp-block-file__button wp-element-button\" download aria-describedby=\"wp-block-file--media-623a6a3e-7891-4dd7-b51e-9fcee25ad713\">Shkarko<\/a><\/div>\n\n\n\n<div class=\"wp-block-file\"><a id=\"wp-block-file--media-57ee0d59-aec0-4620-8037-19dc42f56241\" href=\"https:\/\/ryderalbania.org.al\/wp-content\/uploads\/2023\/10\/Palliative-Care-in-Albania-Research-1.pdf\">Palliative Care in Albania Research (1)<\/a><a href=\"https:\/\/ryderalbania.org.al\/wp-content\/uploads\/2023\/10\/Palliative-Care-in-Albania-Research-1.pdf\" class=\"wp-block-file__button wp-element-button\" download aria-describedby=\"wp-block-file--media-57ee0d59-aec0-4620-8037-19dc42f56241\">Shkarko<\/a><\/div>\n\n\n\n<div class=\"wp-block-file\"><a id=\"wp-block-file--media-97fd4671-0e57-4776-bc38-62de1ebd9e73\" href=\"https:\/\/ryderalbania.org.al\/wp-content\/uploads\/2023\/10\/Raporti-Monitorimit-te-Sherbimit-Paliativ-Durres_compressed.pdf\">Raporti-Monitorimit-te-Sherbimit-Paliativ-Durres_compressed<\/a><a href=\"https:\/\/ryderalbania.org.al\/wp-content\/uploads\/2023\/10\/Raporti-Monitorimit-te-Sherbimit-Paliativ-Durres_compressed.pdf\" class=\"wp-block-file__button wp-element-button\" download aria-describedby=\"wp-block-file--media-97fd4671-0e57-4776-bc38-62de1ebd9e73\">Shkarko<\/a><\/div>\n\n\n\n<div class=\"wp-block-file\"><a id=\"wp-block-file--media-1560167e-926d-48a5-a287-ae3b794439d0\" href=\"https:\/\/ryderalbania.org.al\/wp-content\/uploads\/2023\/10\/Shoqeria-Hospis.pdf\">Shoq\u00ebria Hospis<\/a><a href=\"https:\/\/ryderalbania.org.al\/wp-content\/uploads\/2023\/10\/Shoqeria-Hospis.pdf\" class=\"wp-block-file__button wp-element-button\" download aria-describedby=\"wp-block-file--media-1560167e-926d-48a5-a287-ae3b794439d0\">Shkarko<\/a><\/div>\n\n\n\n<div class=\"wp-block-file\"><a id=\"wp-block-file--media-18f6daac-0826-4b2b-b164-148d6840b672\" href=\"https:\/\/ryderalbania.org.al\/wp-content\/uploads\/2023\/10\/Vleresim-i-spitaleve-rajonale-per-ofrimin-e-kujdesit-paliativ_compressed.pdf\">Vleresim i spitaleve rajonale per ofrimin e kujdesit paliativ_compressed<\/a><a href=\"https:\/\/ryderalbania.org.al\/wp-content\/uploads\/2023\/10\/Vleresim-i-spitaleve-rajonale-per-ofrimin-e-kujdesit-paliativ_compressed.pdf\" class=\"wp-block-file__button wp-element-button\" download aria-describedby=\"wp-block-file--media-18f6daac-0826-4b2b-b164-148d6840b672\">Shkarko<\/a><\/div>\n\n\n\n<div class=\"wp-block-file\"><a id=\"wp-block-file--media-7889acf9-654d-4c13-8f20-b01fa8fb3f1c\" href=\"https:\/\/ryderalbania.org.al\/wp-content\/uploads\/2023\/10\/Vleresimi-i-nevojave-per-sherbimin-ne-banese-.pdf\">Vleresimi i nevojave per sherbimin ne banese .<\/a><a href=\"https:\/\/ryderalbania.org.al\/wp-content\/uploads\/2023\/10\/Vleresimi-i-nevojave-per-sherbimin-ne-banese-.pdf\" class=\"wp-block-file__button wp-element-button\" download aria-describedby=\"wp-block-file--media-7889acf9-654d-4c13-8f20-b01fa8fb3f1c\">Shkarko<\/a><\/div>\n\n\n\n<div class=\"wp-block-file\"><a id=\"wp-block-file--media-6ba7205e-5b91-4a19-93c5-e5568b1b3cf4\" href=\"https:\/\/ryderalbania.org.al\/wp-content\/uploads\/2023\/10\/Vleresimi-i-nevojave-te-pacienteve-me-kancer-per-kujdes-paliativ-ne-Shqiperi.pdf\">Vleresimi i nevojave te pacienteve me kancer per kujdes paliativ ne Shqiperi<\/a><a href=\"https:\/\/ryderalbania.org.al\/wp-content\/uploads\/2023\/10\/Vleresimi-i-nevojave-te-pacienteve-me-kancer-per-kujdes-paliativ-ne-Shqiperi.pdf\" class=\"wp-block-file__button wp-element-button\" download aria-describedby=\"wp-block-file--media-6ba7205e-5b91-4a19-93c5-e5568b1b3cf4\">Shkarko<\/a><\/div>\n\n\n\n<div class=\"wp-block-file\"><a id=\"wp-block-file--media-edfbad47-6a84-46aa-a9d1-227ffc90769a\" href=\"https:\/\/ryderalbania.org.al\/wp-content\/uploads\/2023\/10\/vleresimi_i_nevojave_per_kujdes_paliativ_ne_rang_kombetar.pdf\">vleresimi_i_nevojave_per_kujdes_paliativ_ne_rang_kombetar<\/a><a href=\"https:\/\/ryderalbania.org.al\/wp-content\/uploads\/2023\/10\/vleresimi_i_nevojave_per_kujdes_paliativ_ne_rang_kombetar.pdf\" class=\"wp-block-file__button wp-element-button\" download aria-describedby=\"wp-block-file--media-edfbad47-6a84-46aa-a9d1-227ffc90769a\">Shkarko<\/a><\/div>\n\n\n\n<p><a href=\"https:\/\/ryderalbania.org.al\/wp-content\/uploads\/2025\/05\/Buletin13-compresso.pdf\">Buletin Nr 1. Sh\u00ebrbime p\u00ebr t\u00eb moshuarit: Sh\u00ebndet, mb\u00ebshtetje dhe jet\u00eb aktive.<\/a>  <\/p>\n\n\n\n<p><a href=\"https:\/\/ryderalbania.org.al\/wp-content\/uploads\/2025\/05\/Buletin-2-2_compressed.pdf\">Buletin Nr 2.  Kujdesi dhe sh\u00ebrbimet sh\u00ebndet\u00ebsore p\u00ebr t\u00eb moshuarit n\u00eb Tiran\u00eb<\/a><\/p>\n\n\n\n<p><a href=\"https:\/\/ryderalbania.org.al\/wp-content\/uploads\/2025\/05\/Buletini-3-2_compressed.pdf\">Buletin Nr 3. Udh\u00ebzues p\u00ebr t\u00eb moshuarit: pensionet dhe sh\u00ebrbimet sociale n\u00eb Bashkin\u00eb e Tiran\u00ebs<\/a><\/p>\n\n\n\n<p><a href=\"https:\/\/ryderalbania.org.al\/wp-content\/uploads\/2025\/05\/Buletin-4-2_compressed.pdf\">Buletin Nr 4. Si t\u00eb p\u00ebrballojm\u00eb izolimin dhe t\u00eb g\u00ebzojm\u00eb jet\u00ebn<\/a><\/p>\n\n\n\n<p><a href=\"https:\/\/ryderalbania.org.al\/wp-content\/uploads\/2025\/09\/Buletin-5_compressed.pdf\">Buletin Nr 5. Sh\u00ebrbime p\u00ebr t\u00eb moshuarit: kujdesi p\u00ebr zemr\u00ebn dhe diabetin<\/a><\/p>\n\n\n\n<p><a href=\"https:\/\/ryderalbania.org.al\/wp-content\/uploads\/2025\/09\/Buletin-6_compressed.pdf\">Buletin Nr 6. Sh\u00ebrbime p\u00ebr t\u00eb moshuarit: kujdesi p\u00ebr kockat<\/a><\/p>\n\n\n\n<p><a href=\"https:\/\/ryderalbania.org.al\/wp-content\/uploads\/2025\/09\/Buletin-7_compressed.pdf\">Buletin Nr 7. Sh\u00ebrbime p\u00ebr t\u00eb moshuarit: kujdes p\u00ebr demenc\u00ebn dhe depresionin<\/a><\/p>\n\n\n\n<p><a href=\"https:\/\/ryderalbania.org.al\/wp-content\/uploads\/2025\/09\/Buletin8_compressed.pdf\">Buletin Nr 8. Sh\u00ebrbime p\u00ebr t\u00eb moshuarit: kujdes p\u00ebr d\u00ebgjimin dhe shikimin<\/a><\/p>\n\n\n\n<p><a href=\"https:\/\/ryderalbania.org.al\/wp-content\/uploads\/2025\/09\/flet-palsoje_compressed.pdf\">Flet\u00ebpalosje : &#8220;N\u00cb SHT\u00cbPIN\u00cb TUAJ, ME DASHURI DHE KUJDES: SH\u00cbRBIME P\u00cbR T\u00cb MOSHUARIT&#8221;<\/a><\/p>\n\n\n\n<p><\/p>\n","protected":false},"excerpt":{"rendered":"<p>Buletin Nr 1. Sh\u00ebrbime p\u00ebr t\u00eb moshuarit: Sh\u00ebndet, mb\u00ebshtetje dhe jet\u00eb aktive. Buletin Nr 2. Kujdesi dhe sh\u00ebrbimet sh\u00ebndet\u00ebsore p\u00ebr t\u00eb moshuarit n\u00eb Tiran\u00eb Buletin Nr 3. Udh\u00ebzues p\u00ebr t\u00eb moshuarit: pensionet dhe sh\u00ebrbimet sociale n\u00eb Bashkin\u00eb e Tiran\u00ebs Buletin Nr 4. Si t\u00eb p\u00ebrballojm\u00eb izolimin dhe t\u00eb g\u00ebzojm\u00eb jet\u00ebn Buletin Nr 5. Sh\u00ebrbime p\u00ebr t\u00eb moshuarit: kujdesi p\u00ebr zemr\u00ebn &hellip; <\/p>\n","protected":false},"author":2,"featured_media":0,"parent":0,"menu_order":0,"comment_status":"closed","ping_status":"closed","template":"","meta":{"footnotes":""},"class_list":["post-1871","page","type-page","status-publish","hentry"],"_links":{"self":[{"href":"https:\/\/ryderalbania.org.al\/sq\/wp-json\/wp\/v2\/pages\/1871"}],"collection":[{"href":"https:\/\/ryderalbania.org.al\/sq\/wp-json\/wp\/v2\/pages"}],"about":[{"href":"https:\/\/ryderalbania.org.al\/sq\/wp-json\/wp\/v2\/types\/page"}],"author":[{"embeddable":true,"href":"https:\/\/ryderalbania.org.al\/sq\/wp-json\/wp\/v2\/users\/2"}],"replies":[{"embeddable":true,"href":"https:\/\/ryderalbania.org.al\/sq\/wp-json\/wp\/v2\/comments?post=1871"}],"version-history":[{"count":13,"href":"https:\/\/ryderalbania.org.al\/sq\/wp-json\/wp\/v2\/pages\/1871\/revisions"}],"predecessor-version":[{"id":3418,"href":"https:\/\/ryderalbania.org.al\/sq\/wp-json\/wp\/v2\/pages\/1871\/revisions\/3418"}],"wp:attachment":[{"href":"https:\/\/ryderalbania.org.al\/sq\/wp-json\/wp\/v2\/media?parent=1871"}],"curies":[{"name":"wp","href":"https:\/\/api.w.org\/{rel}","templated":true}]}}