{"id":1854,"date":"2023-07-25T23:07:23","date_gmt":"2023-07-25T21:07:23","guid":{"rendered":"https:\/\/ryderalbania.org.al\/?page_id=1854"},"modified":"2023-11-21T20:08:49","modified_gmt":"2023-11-21T18:08:49","slug":"vullnetare","status":"publish","type":"page","link":"https:\/\/ryderalbania.org.al\/sq\/vullnetare\/","title":{"rendered":"Vullnetar\u00eb"},"content":{"rendered":"\n<p><strong><mark style=\"background-color:rgba(0, 0, 0, 0)\" class=\"has-inline-color has-vivid-red-color\">B\u00ebhu pjes\u00eb e ekipit ton\u00eb!<\/mark><\/strong><\/p>\n\n\n\n<p>A jeni gati t\u00eb b\u00ebheni pjes\u00eb e nj\u00eb ekipi t\u00eb p\u00ebrkushtuar p\u00ebr t\u00eb ndihmuar dhe leht\u00ebsuar pacient\u00ebt, t\u00eb moshuarit dhe familjar\u00ebt e tyre ? Ne ju mir\u00ebpresim!<\/p>\n\n\n\n<p>Shoqata Ryder Albania synon t\u00eb inkurajoj\u00eb dhe fuqizoj\u00eb vullnetar\u00ebt,q\u00eb t\u00eb angazhohen dhe p\u00ebrfshihen n\u00eb aktivitete t\u00eb ndryshme t\u00eb organizat\u00ebs.<\/p>\n\n\n\n<p>N\u00ebse jeni t\u00eb interesuar t\u00eb na bashkoheni, ju lutemi t\u00eb na d\u00ebrgoni <strong>jet\u00ebshkrimin tuaj (CV-n\u00eb)<\/strong> dhe <strong>nj\u00eb let\u00ebr interesimi<\/strong> n\u00eb adres\u00ebn e post\u00ebs elektronike ose n\u00eb adres\u00ebn zyrtare t\u00eb e-mailit: <a href=\"mailto:info@ryderalbania.org\">info@ryderalbania.org<\/a>. <\/p>\n\n\n\n<p>Ose mund t\u00eb na kontaktoni edhe n\u00eb kanalet tona t\u00eb mediave sociale.<\/p>\n","protected":false},"excerpt":{"rendered":"<p>B\u00ebhu pjes\u00eb e ekipit ton\u00eb! A jeni gati t\u00eb b\u00ebheni pjes\u00eb e nj\u00eb ekipi t\u00eb p\u00ebrkushtuar p\u00ebr t\u00eb ndihmuar dhe leht\u00ebsuar pacient\u00ebt, t\u00eb moshuarit dhe familjar\u00ebt e tyre ? Ne ju mir\u00ebpresim! Shoqata Ryder Albania synon t\u00eb inkurajoj\u00eb dhe fuqizoj\u00eb vullnetar\u00ebt,q\u00eb t\u00eb angazhohen dhe p\u00ebrfshihen n\u00eb aktivitete t\u00eb ndryshme t\u00eb organizat\u00ebs. N\u00ebse jeni t\u00eb interesuar t\u00eb na bashkoheni, ju lutemi &hellip; <\/p>\n","protected":false},"author":2,"featured_media":0,"parent":0,"menu_order":0,"comment_status":"closed","ping_status":"closed","template":"","meta":{"footnotes":""},"class_list":["post-1854","page","type-page","status-publish","hentry"],"_links":{"self":[{"href":"https:\/\/ryderalbania.org.al\/sq\/wp-json\/wp\/v2\/pages\/1854"}],"collection":[{"href":"https:\/\/ryderalbania.org.al\/sq\/wp-json\/wp\/v2\/pages"}],"about":[{"href":"https:\/\/ryderalbania.org.al\/sq\/wp-json\/wp\/v2\/types\/page"}],"author":[{"embeddable":true,"href":"https:\/\/ryderalbania.org.al\/sq\/wp-json\/wp\/v2\/users\/2"}],"replies":[{"embeddable":true,"href":"https:\/\/ryderalbania.org.al\/sq\/wp-json\/wp\/v2\/comments?post=1854"}],"version-history":[{"count":4,"href":"https:\/\/ryderalbania.org.al\/sq\/wp-json\/wp\/v2\/pages\/1854\/revisions"}],"predecessor-version":[{"id":2544,"href":"https:\/\/ryderalbania.org.al\/sq\/wp-json\/wp\/v2\/pages\/1854\/revisions\/2544"}],"wp:attachment":[{"href":"https:\/\/ryderalbania.org.al\/sq\/wp-json\/wp\/v2\/media?parent=1854"}],"curies":[{"name":"wp","href":"https:\/\/api.w.org\/{rel}","templated":true}]}}