{"id":1852,"date":"2023-07-25T23:07:01","date_gmt":"2023-07-25T21:07:01","guid":{"rendered":"https:\/\/ryderalbania.org.al\/?page_id=1852"},"modified":"2026-04-16T20:59:10","modified_gmt":"2026-04-16T18:59:10","slug":"aktivitete","status":"publish","type":"page","link":"https:\/\/ryderalbania.org.al\/sq\/aktivitete\/","title":{"rendered":"Aktivitetet\u00a0"},"content":{"rendered":"\n<p><strong><mark style=\"background-color:rgba(0, 0, 0, 0)\" class=\"has-inline-color has-vivid-red-color\">Organizohemi p\u00ebr ngritje fondesh<\/mark><\/strong><strong><mark style=\"background-color:rgba(0, 0, 0, 0)\" class=\"has-inline-color has-vivid-red-color\">!<\/mark><\/strong><\/p>\n\n\n\n<p>Gjithkush mund t\u00eb na bashkohet n\u00eb aktivitetet e ndryshme q\u00eb ne organizojm\u00eb <strong>me q\u00ebllim<\/strong> ngritjen e fondeve p\u00ebr t\u00eb patur mund\u00ebsin\u00eb p\u00ebr t\u00eb b\u00ebr\u00eb m\u00eb shum\u00eb p\u00ebr ata q\u00eb kan\u00eb nevoj\u00eb. <\/p>\n\n\n\n<p>N\u00ebse <strong>d\u00ebshironi t\u00eb q\u00ebndroni gjithmon\u00eb t\u00eb informuar<\/strong> rreth aktiviteteve tona apo rreth lajmeve dhe pun\u00ebs s\u00eb Ryder Albania, na d\u00ebrgoni nj\u00eb email n\u00eb adres\u00ebn: <strong><mark style=\"background-color:rgba(0, 0, 0, 0)\" class=\"has-inline-color has-vivid-red-color\"><a href=\"mailto:info@ryderalbania.org\">info@ryderalbania.org<\/a> <\/mark><\/strong>ose na kontaktoni n\u00eb kanalet tona t\u00eb mediave sociale. <\/p>\n\n\n\n<div class=\"wp-block-query is-layout-flow wp-block-query-is-layout-flow\"><\/div>\n","protected":false},"excerpt":{"rendered":"<p>Organizohemi p\u00ebr ngritje fondesh! Gjithkush mund t\u00eb na bashkohet n\u00eb aktivitetet e ndryshme q\u00eb ne organizojm\u00eb me q\u00ebllim ngritjen e fondeve p\u00ebr t\u00eb patur mund\u00ebsin\u00eb p\u00ebr t\u00eb b\u00ebr\u00eb m\u00eb shum\u00eb p\u00ebr ata q\u00eb kan\u00eb nevoj\u00eb. N\u00ebse d\u00ebshironi t\u00eb q\u00ebndroni gjithmon\u00eb t\u00eb informuar rreth aktiviteteve tona apo rreth lajmeve dhe pun\u00ebs s\u00eb Ryder Albania, na d\u00ebrgoni nj\u00eb email n\u00eb adres\u00ebn: info@ryderalbania.org &hellip; <\/p>\n","protected":false},"author":2,"featured_media":0,"parent":0,"menu_order":0,"comment_status":"closed","ping_status":"closed","template":"","meta":{"footnotes":""},"class_list":["post-1852","page","type-page","status-publish","hentry"],"_links":{"self":[{"href":"https:\/\/ryderalbania.org.al\/sq\/wp-json\/wp\/v2\/pages\/1852"}],"collection":[{"href":"https:\/\/ryderalbania.org.al\/sq\/wp-json\/wp\/v2\/pages"}],"about":[{"href":"https:\/\/ryderalbania.org.al\/sq\/wp-json\/wp\/v2\/types\/page"}],"author":[{"embeddable":true,"href":"https:\/\/ryderalbania.org.al\/sq\/wp-json\/wp\/v2\/users\/2"}],"replies":[{"embeddable":true,"href":"https:\/\/ryderalbania.org.al\/sq\/wp-json\/wp\/v2\/comments?post=1852"}],"version-history":[{"count":14,"href":"https:\/\/ryderalbania.org.al\/sq\/wp-json\/wp\/v2\/pages\/1852\/revisions"}],"predecessor-version":[{"id":3514,"href":"https:\/\/ryderalbania.org.al\/sq\/wp-json\/wp\/v2\/pages\/1852\/revisions\/3514"}],"wp:attachment":[{"href":"https:\/\/ryderalbania.org.al\/sq\/wp-json\/wp\/v2\/media?parent=1852"}],"curies":[{"name":"wp","href":"https:\/\/api.w.org\/{rel}","templated":true}]}}