{"id":1850,"date":"2023-07-25T23:06:16","date_gmt":"2023-07-25T21:06:16","guid":{"rendered":"https:\/\/ryderalbania.org.al\/?page_id=1850"},"modified":"2025-03-04T19:39:42","modified_gmt":"2025-03-04T17:39:42","slug":"dhuro","status":"publish","type":"page","link":"https:\/\/ryderalbania.org.al\/sq\/dhuro\/","title":{"rendered":"Dhuro ~ Donate"},"content":{"rendered":"\n<p><strong>Na ndihmoni t\u00eb b\u00ebjm\u00eb ndryshimin!<\/strong><\/p>\n\n\n\n<p>Shoqata <strong>Ryder Albania<\/strong> mb\u00ebshtet njer\u00ebzit n\u00eb momentet m\u00eb t\u00eb v\u00ebshtira t\u00eb jet\u00ebs s\u00eb tyre, duke i ofruar dhembshurin\u00eb dhe p\u00ebrkujdesjen,q\u00eb i nevojitet p\u00ebr t&#8217;i ndihmuar t\u00eb jetojn\u00eb nj\u00eb jet\u00eb me dinjitet. Kontributi juaj do t\u00eb b\u00ebj\u00eb t\u00eb mundur q\u00eb pacient\u00ebt dhe t\u00eb moshuarit t\u00eb ndihen t\u00eb qet\u00eb dhe t\u00eb sigurt se komuniteti&nbsp;dhe nj\u00eb ekip i specializuar po kujdeset p\u00ebr ta!<\/p>\n\n\n\n<p><strong>Si mund t\u00eb ndihmoni?<\/strong><\/p>\n\n\n\n<ul class=\"wp-block-list\">\n<li><strong>FINANCIARISHT:<\/strong>  Ju mund t\u00eb ofroni <em>ndihm\u00ebn dhe kontributin tuaj monetar<\/em> pran\u00eb zyrave t\u00eb Shoqat\u00ebs Ryder Albania n\u00eb Tiran\u00eb dhe Durr\u00ebs ose n\u00eb numrat tan\u00eb t\u00eb llogaris\u00eb. Detajet bankare i gjeni si m\u00eb posht\u00eb: <br>\n<ul class=\"wp-block-list\">\n<li><strong>Emri i Bank\u00ebs:                       <a href=\"https:\/\/www.intesasanpaolobank.al\/\">Intesa Sanpaolo Bank<\/a><\/strong><\/li>\n\n\n\n<li><strong>SWIFT:   <\/strong>                               <strong><em>USALALTR<\/em><\/strong><\/li>\n\n\n\n<li><strong>Llogaria n\u00eb LEK\u00cb (IBAN): <\/strong>    AL61 208 111 0100 000 304 639 31805<\/li>\n\n\n\n<li><strong>Llogaria n\u00eb EURO <strong>(IBAN)<\/strong>:<\/strong>   AL72 208 111 0100 000 304 639 31801<\/li>\n\n\n\n<li><strong>Llogaria n\u00eb USD <strong>(IBAN)<\/strong>:<\/strong>     AL18 208 111 0100 000 304 639 31803<br><\/li>\n<\/ul>\n<\/li>\n\n\n\n<li><strong>ME MEDIKAMENTE:<\/strong> Ju mund t\u00eb na mb\u00ebshtesni me sigurimin e <em>medikamenteve t\u00eb nevojshme<\/em> p\u00ebr kontrollin e dhimbjes dhe shenjave t\u00eb tjera, si pasoj\u00eb e s\u00ebmundjes k\u00ebrc\u00ebnuese p\u00ebr jet\u00ebn.<\/li>\n\n\n\n<li><strong>ME MATERIALE: <\/strong> Ju mund t\u00eb na mb\u00ebshtesni me sigurimin e <em>mjeteve dhe materialeve&nbsp; t\u00eb domosdoshme<\/em> p\u00ebr pacient\u00ebt dhe t\u00eb moshuarit, si aparate oksigjeni, dyshek\u00eb antidekubitus, karrige me rrota, mb\u00ebshtet\u00ebse etj.<\/li>\n\n\n\n<li><strong>ME USHQIME:<\/strong> Ju mund t\u00eb na mb\u00ebshtesni me sigurimin e <em>artikujve ushqimor<em>\u00eb<\/em> dhe materialeve higjenik\u00eb<\/em> p\u00ebr pacient\u00ebt, t\u00eb moshuarit dhe familjet q\u00eb jan\u00eb\u00a0n\u00eb v\u00ebshtir\u00ebsi ekonomike.<\/li>\n\n\n\n<li><strong>ME KARBURANT:<\/strong> Ju mund t\u00eb na mb\u00ebshtesni me sigurimin e <em>karburantit p\u00ebr transportin e stafit<\/em>, p\u00ebr t\u00eb kryer vizitat n\u00eb sht\u00ebpit\u00eb e pacient\u00ebve dhe sht\u00ebpit\u00eb e t\u00eb moshuarve.<\/li>\n<\/ul>\n\n\n\n<p>Jeni t\u00eb lutur dhe t\u00eb mir\u00ebpritur p\u00ebr ide dhe propozime t\u00eb tjera se si mund t\u00eb na ndihmoni!<\/p>\n\n\n\n<p><\/p>\n","protected":false},"excerpt":{"rendered":"<p>Na ndihmoni t\u00eb b\u00ebjm\u00eb ndryshimin! Shoqata Ryder Albania mb\u00ebshtet njer\u00ebzit n\u00eb momentet m\u00eb t\u00eb v\u00ebshtira t\u00eb jet\u00ebs s\u00eb tyre, duke i ofruar dhembshurin\u00eb dhe p\u00ebrkujdesjen,q\u00eb i nevojitet p\u00ebr t&#8217;i ndihmuar t\u00eb jetojn\u00eb nj\u00eb jet\u00eb me dinjitet. Kontributi juaj do t\u00eb b\u00ebj\u00eb t\u00eb mundur q\u00eb pacient\u00ebt dhe t\u00eb moshuarit t\u00eb ndihen t\u00eb qet\u00eb dhe t\u00eb sigurt se komuniteti&nbsp;dhe nj\u00eb ekip i &hellip; <\/p>\n","protected":false},"author":2,"featured_media":0,"parent":0,"menu_order":0,"comment_status":"closed","ping_status":"closed","template":"","meta":{"footnotes":""},"class_list":["post-1850","page","type-page","status-publish","hentry"],"_links":{"self":[{"href":"https:\/\/ryderalbania.org.al\/sq\/wp-json\/wp\/v2\/pages\/1850"}],"collection":[{"href":"https:\/\/ryderalbania.org.al\/sq\/wp-json\/wp\/v2\/pages"}],"about":[{"href":"https:\/\/ryderalbania.org.al\/sq\/wp-json\/wp\/v2\/types\/page"}],"author":[{"embeddable":true,"href":"https:\/\/ryderalbania.org.al\/sq\/wp-json\/wp\/v2\/users\/2"}],"replies":[{"embeddable":true,"href":"https:\/\/ryderalbania.org.al\/sq\/wp-json\/wp\/v2\/comments?post=1850"}],"version-history":[{"count":16,"href":"https:\/\/ryderalbania.org.al\/sq\/wp-json\/wp\/v2\/pages\/1850\/revisions"}],"predecessor-version":[{"id":3271,"href":"https:\/\/ryderalbania.org.al\/sq\/wp-json\/wp\/v2\/pages\/1850\/revisions\/3271"}],"wp:attachment":[{"href":"https:\/\/ryderalbania.org.al\/sq\/wp-json\/wp\/v2\/media?parent=1850"}],"curies":[{"name":"wp","href":"https:\/\/api.w.org\/{rel}","templated":true}]}}