{"id":1844,"date":"2023-07-25T23:02:22","date_gmt":"2023-07-25T21:02:22","guid":{"rendered":"https:\/\/ryderalbania.org.al\/?page_id=1844"},"modified":"2023-10-24T20:41:44","modified_gmt":"2023-10-24T18:41:44","slug":"trajnim-dhe-edukim","status":"publish","type":"page","link":"https:\/\/ryderalbania.org.al\/sq\/trajnim-dhe-edukim\/","title":{"rendered":"Trajnim dhe edukim"},"content":{"rendered":"\n<p>Edukimi dhe trajnimi i profesionist\u00ebve \u00ebsht\u00eb nj\u00eb nga shtyllat kryesore t\u00eb organizat\u00ebs. SHRA ka luajtur nj\u00eb rol t\u00eb r\u00ebnd\u00ebsish\u00ebm n\u00eb ngritjen e kapaciteteve t\u00eb profesionist\u00ebve t\u00eb sh\u00ebndetit (mjek\u00eb, infermier\u00eb, punonj\u00ebs social\u00eb, psikolog\u00eb) n\u00eb fush\u00ebn e kujdesit paliativ dhe kujdesit p\u00ebr mosh\u00ebn e tret\u00eb. Deri m\u00eb sot jan\u00eb trajnuar m\u00eb shum\u00eb se 1300 profesionist\u00eb si n\u00eb sh\u00ebrbimin par\u00ebsor dhe n\u00eb at\u00eb sekondar t\u00eb kujdesit sh\u00ebndet\u00ebsor, si dhe t\u00eb sh\u00ebrbimeve sociale n\u00eb nivel lokal dhe q\u00ebndror.<\/p>\n\n\n\n<p>Q\u00ebllimi i edukimit dhe trajnimit \u00ebsht\u00eb rritja dhe p\u00ebrmir\u00ebsimi i njohurive, shprehive dhe kompetencave t\u00eb profesionist\u00ebve p\u00ebr kujdesin paliativ dhe kujdesin p\u00ebr mosh\u00ebn e tret\u00eb duke garantuar rritjen e cil\u00ebsis\u00eb t\u00eb jet\u00ebs t\u00eb pacient\u00ebve, t\u00eb moshuarve dhe familjar\u00ebve t\u00eb tyre.<\/p>\n","protected":false},"excerpt":{"rendered":"<p>Edukimi dhe trajnimi i profesionist\u00ebve \u00ebsht\u00eb nj\u00eb nga shtyllat kryesore t\u00eb organizat\u00ebs. SHRA ka luajtur nj\u00eb rol t\u00eb r\u00ebnd\u00ebsish\u00ebm n\u00eb ngritjen e kapaciteteve t\u00eb profesionist\u00ebve t\u00eb sh\u00ebndetit (mjek\u00eb, infermier\u00eb, punonj\u00ebs social\u00eb, psikolog\u00eb) n\u00eb fush\u00ebn e kujdesit paliativ dhe kujdesit p\u00ebr mosh\u00ebn e tret\u00eb. Deri m\u00eb sot jan\u00eb trajnuar m\u00eb shum\u00eb se 1300 profesionist\u00eb si n\u00eb sh\u00ebrbimin par\u00ebsor dhe n\u00eb at\u00eb &hellip; <\/p>\n","protected":false},"author":2,"featured_media":0,"parent":0,"menu_order":0,"comment_status":"closed","ping_status":"closed","template":"","meta":{"footnotes":""},"class_list":["post-1844","page","type-page","status-publish","hentry"],"_links":{"self":[{"href":"https:\/\/ryderalbania.org.al\/sq\/wp-json\/wp\/v2\/pages\/1844"}],"collection":[{"href":"https:\/\/ryderalbania.org.al\/sq\/wp-json\/wp\/v2\/pages"}],"about":[{"href":"https:\/\/ryderalbania.org.al\/sq\/wp-json\/wp\/v2\/types\/page"}],"author":[{"embeddable":true,"href":"https:\/\/ryderalbania.org.al\/sq\/wp-json\/wp\/v2\/users\/2"}],"replies":[{"embeddable":true,"href":"https:\/\/ryderalbania.org.al\/sq\/wp-json\/wp\/v2\/comments?post=1844"}],"version-history":[{"count":5,"href":"https:\/\/ryderalbania.org.al\/sq\/wp-json\/wp\/v2\/pages\/1844\/revisions"}],"predecessor-version":[{"id":2225,"href":"https:\/\/ryderalbania.org.al\/sq\/wp-json\/wp\/v2\/pages\/1844\/revisions\/2225"}],"wp:attachment":[{"href":"https:\/\/ryderalbania.org.al\/sq\/wp-json\/wp\/v2\/media?parent=1844"}],"curies":[{"name":"wp","href":"https:\/\/api.w.org\/{rel}","templated":true}]}}