{"id":1839,"date":"2023-07-25T22:58:09","date_gmt":"2023-07-25T20:58:09","guid":{"rendered":"https:\/\/ryderalbania.org.al\/?page_id=1839"},"modified":"2023-07-26T18:00:32","modified_gmt":"2023-07-26T16:00:32","slug":"sherbimi-ambulator","status":"publish","type":"page","link":"https:\/\/ryderalbania.org.al\/sq\/sherbimi-ambulator\/","title":{"rendered":"Sh\u00ebrbimi ambulator n\u00eb qend\u00ebr"},"content":{"rendered":"\n<p>Sh\u00ebrbim ambulator n\u00eb qend\u00ebr <strong>do t\u00eb hapet s\u00eb shpejti.<\/strong><\/p>\n\n\n\n<p>N\u00eb fokus t\u00eb k\u00ebtij sh\u00ebrbimi do t\u00eb jen\u00eb pacient\u00ebt q\u00eb vuajn\u00eb nga s\u00ebmundje k\u00ebrc\u00ebnuese p\u00ebr jet\u00ebn dhe t\u00eb moshuarit me s\u00ebmundje kronike. Sh\u00ebrbimi do t\u00eb ofrohet nga mjek\u00eb, infermier\u00eb, fizioterapist\u00eb, punonj\u00ebs social\u00eb, psikolog\u00eb dhe do t\u00eb konsistoj\u00eb n\u00eb vler\u00ebsimin e parametrave si: <em>matja e presionit arterial, matja e glicemis\u00eb, oksigjenit, injeksione t\u00eb ndryshme, mjekim plage, terapi t\u00eb ndryshme<\/em> etj. <\/p>\n\n\n\n<p>Nd\u00ebr t\u00eb tjera sh\u00ebrbimi ambulator do t\u00eb fokusohet n\u00eb edukimin dhe vet\u00eb-menaxhimin e pacientit. Pacient\u00ebt dhe familjet e tyre shpesh kan\u00eb nevoj\u00eb t\u00eb informohen n\u00eb lidhje me kushtet e tyre, opsionet e trajtimit dhe strategjit\u00eb p\u00ebr t\u00eb manaxhuar simptomat ose efektet an\u00ebsore n\u00eb m\u00ebnyr\u00eb efektive.\u00a0 <\/p>\n\n\n\n<p>Sh\u00ebrbimi ofrohet<strong> \u00e7do dit\u00eb <\/strong>nga <strong>ora 8:30 \u2013 16:30<\/strong> <em>nga e h\u00ebna n\u00eb t\u00eb premte<\/em>.<\/p>\n","protected":false},"excerpt":{"rendered":"<p>Sh\u00ebrbim ambulator n\u00eb qend\u00ebr do t\u00eb hapet s\u00eb shpejti. N\u00eb fokus t\u00eb k\u00ebtij sh\u00ebrbimi do t\u00eb jen\u00eb pacient\u00ebt q\u00eb vuajn\u00eb nga s\u00ebmundje k\u00ebrc\u00ebnuese p\u00ebr jet\u00ebn dhe t\u00eb moshuarit me s\u00ebmundje kronike. Sh\u00ebrbimi do t\u00eb ofrohet nga mjek\u00eb, infermier\u00eb, fizioterapist\u00eb, punonj\u00ebs social\u00eb, psikolog\u00eb dhe do t\u00eb konsistoj\u00eb n\u00eb vler\u00ebsimin e parametrave si: matja e presionit arterial, matja e glicemis\u00eb, oksigjenit, injeksione &hellip; <\/p>\n","protected":false},"author":2,"featured_media":0,"parent":0,"menu_order":0,"comment_status":"closed","ping_status":"closed","template":"","meta":{"footnotes":""},"class_list":["post-1839","page","type-page","status-publish","hentry"],"_links":{"self":[{"href":"https:\/\/ryderalbania.org.al\/sq\/wp-json\/wp\/v2\/pages\/1839"}],"collection":[{"href":"https:\/\/ryderalbania.org.al\/sq\/wp-json\/wp\/v2\/pages"}],"about":[{"href":"https:\/\/ryderalbania.org.al\/sq\/wp-json\/wp\/v2\/types\/page"}],"author":[{"embeddable":true,"href":"https:\/\/ryderalbania.org.al\/sq\/wp-json\/wp\/v2\/users\/2"}],"replies":[{"embeddable":true,"href":"https:\/\/ryderalbania.org.al\/sq\/wp-json\/wp\/v2\/comments?post=1839"}],"version-history":[{"count":4,"href":"https:\/\/ryderalbania.org.al\/sq\/wp-json\/wp\/v2\/pages\/1839\/revisions"}],"predecessor-version":[{"id":1920,"href":"https:\/\/ryderalbania.org.al\/sq\/wp-json\/wp\/v2\/pages\/1839\/revisions\/1920"}],"wp:attachment":[{"href":"https:\/\/ryderalbania.org.al\/sq\/wp-json\/wp\/v2\/media?parent=1839"}],"curies":[{"name":"wp","href":"https:\/\/api.w.org\/{rel}","templated":true}]}}