{"id":1832,"date":"2023-07-25T22:52:00","date_gmt":"2023-07-25T20:52:00","guid":{"rendered":"https:\/\/ryderalbania.org.al\/?page_id=1832"},"modified":"2023-11-22T14:33:08","modified_gmt":"2023-11-22T12:33:08","slug":"per-te-moshuarit","status":"publish","type":"page","link":"https:\/\/ryderalbania.org.al\/sq\/per-te-moshuarit\/","title":{"rendered":"Sh\u00ebrbimi p\u00ebr t\u00eb moshuarit"},"content":{"rendered":"\n<p>Q\u00eb nga viti 2021 SHRA ka filluar ofrimin e sh\u00ebrbimit n\u00eb banes\u00eb, n\u00eb Tiran\u00eb, p\u00ebr t\u00eb moshuarit e vetmuar dhe n\u00eb nevoj\u00eb. Sh\u00ebrbimi ofrohet <strong>falas<\/strong> nga nj\u00eb ekip i p\u00ebrb\u00ebr\u00eb nga mjek\u00eb, infermier\u00eb, punonj\u00ebs social\u00eb dhe kujdestare.&nbsp; <\/p>\n\n\n\n<p>Sh\u00ebrbimi synon p\u00ebrgatitjen e vakteve ushqimore, p\u00ebrkujdesjen e higjen\u00ebs personale, mir\u00ebmbajtjen e higjen\u00ebs sht\u00ebpiake, monitorimin e gj\u00ebndjes sh\u00ebndet\u00ebsore t\u00eb t\u00eb moshuarve, dh\u00ebnien e mjekimeve, sh\u00ebrbime infermieristike, mb\u00ebshtetje psikosociale p\u00ebr pacientin dhe familjen, sh\u00ebrbime nd\u00ebrmjet\u00ebsimi me institucione t\u00eb tjera p\u00ebr nevoja social-ekonomike, pajisjen me mjete dhe materiale mjek\u00ebsore, aktivitete shoq\u00ebrore dhe rikrijuese jasht\u00eb banes\u00ebs, etj. <\/p>\n\n\n\n<p>Sh\u00ebrbimi ofrohet <strong>\u00e7do dit\u00eb<\/strong> nga e h\u00ebna n\u00eb t\u00eb premte nga ora <strong>8.30 \u2013 16.30<\/strong>. Frekuenca e vizit\u00ebs n\u00eb sht\u00ebpi p\u00ebr nj\u00eb t\u00eb moshuar p\u00ebrcaktohet n\u00eb var\u00ebsi t\u00eb nevoj\u00ebs.<\/p>\n\n\n\n<figure class=\"wp-block-embed is-type-video is-provider-youtube wp-block-embed-youtube wp-embed-aspect-16-9 wp-has-aspect-ratio\"><div class=\"wp-block-embed__wrapper\">\n<iframe loading=\"lazy\" title=\"Sh\u00ebrbim n\u00eb sht\u00ebpi p\u00ebr t\u00eb moshuarit n\u00eb nevoj\u00eb\" width=\"780\" height=\"439\" src=\"https:\/\/www.youtube.com\/embed\/QpDvaPohhqU?feature=oembed\" frameborder=\"0\" allow=\"accelerometer; autoplay; clipboard-write; encrypted-media; gyroscope; picture-in-picture; web-share\" allowfullscreen><\/iframe>\n<\/div><\/figure>\n","protected":false},"excerpt":{"rendered":"<p>Q\u00eb nga viti 2021 SHRA ka filluar ofrimin e sh\u00ebrbimit n\u00eb banes\u00eb, n\u00eb Tiran\u00eb, p\u00ebr t\u00eb moshuarit e vetmuar dhe n\u00eb nevoj\u00eb. Sh\u00ebrbimi ofrohet falas nga nj\u00eb ekip i p\u00ebrb\u00ebr\u00eb nga mjek\u00eb, infermier\u00eb, punonj\u00ebs social\u00eb dhe kujdestare.&nbsp; Sh\u00ebrbimi synon p\u00ebrgatitjen e vakteve ushqimore, p\u00ebrkujdesjen e higjen\u00ebs personale, mir\u00ebmbajtjen e higjen\u00ebs sht\u00ebpiake, monitorimin e gj\u00ebndjes sh\u00ebndet\u00ebsore t\u00eb t\u00eb moshuarve, dh\u00ebnien e &hellip; <\/p>\n","protected":false},"author":2,"featured_media":0,"parent":0,"menu_order":0,"comment_status":"closed","ping_status":"closed","template":"","meta":{"footnotes":""},"class_list":["post-1832","page","type-page","status-publish","hentry"],"_links":{"self":[{"href":"https:\/\/ryderalbania.org.al\/sq\/wp-json\/wp\/v2\/pages\/1832"}],"collection":[{"href":"https:\/\/ryderalbania.org.al\/sq\/wp-json\/wp\/v2\/pages"}],"about":[{"href":"https:\/\/ryderalbania.org.al\/sq\/wp-json\/wp\/v2\/types\/page"}],"author":[{"embeddable":true,"href":"https:\/\/ryderalbania.org.al\/sq\/wp-json\/wp\/v2\/users\/2"}],"replies":[{"embeddable":true,"href":"https:\/\/ryderalbania.org.al\/sq\/wp-json\/wp\/v2\/comments?post=1832"}],"version-history":[{"count":14,"href":"https:\/\/ryderalbania.org.al\/sq\/wp-json\/wp\/v2\/pages\/1832\/revisions"}],"predecessor-version":[{"id":2613,"href":"https:\/\/ryderalbania.org.al\/sq\/wp-json\/wp\/v2\/pages\/1832\/revisions\/2613"}],"wp:attachment":[{"href":"https:\/\/ryderalbania.org.al\/sq\/wp-json\/wp\/v2\/media?parent=1832"}],"curies":[{"name":"wp","href":"https:\/\/api.w.org\/{rel}","templated":true}]}}