{"id":1829,"date":"2023-07-25T22:49:33","date_gmt":"2023-07-25T20:49:33","guid":{"rendered":"https:\/\/ryderalbania.org.al\/?page_id=1829"},"modified":"2025-03-12T16:20:39","modified_gmt":"2025-03-12T14:20:39","slug":"fakte-dhe-shifra","status":"publish","type":"page","link":"https:\/\/ryderalbania.org.al\/sq\/fakte-dhe-shifra\/","title":{"rendered":"\ud83d\udcddFakte dhe shifra"},"content":{"rendered":"\n<h2 class=\"wp-block-heading\">\ud83d\udccd P\u00ebrfitues t\u00eb sh\u00ebrbimeve t\u00eb ofruara gjat\u00eb vitit 2024 n\u00eb Tiran\u00eb dhe Durr\u00ebs<\/h2>\n\n\n\n<ul class=\"wp-block-list\">\n<li><strong>573 pacient\u00eb<\/strong> me kancer kan\u00eb p\u00ebrfituar sh\u00ebrbim n\u00eb sht\u00ebpi.<\/li>\n\n\n\n<li><strong>468 pacient\u00eb t\u00eb rinj<\/strong> t\u00eb regjistruar gjat\u00eb vitit 2024, prej t\u00eb cil\u00ebve:\n<ul class=\"wp-block-list\">\n<li><strong>202 femra<\/strong><\/li>\n\n\n\n<li><strong>266 meshkuj<\/strong><\/li>\n<\/ul>\n<\/li>\n\n\n\n<li><strong>Vendbanimi i pacient\u00ebve:<\/strong>\n<ul class=\"wp-block-list\">\n<li><strong>339<\/strong> nga zonat urbane<\/li>\n\n\n\n<li><strong>129<\/strong> nga zonat rurale<\/li>\n<\/ul>\n<\/li>\n\n\n\n<li><strong>Shp\u00ebrndarja sipas grupmoshave:<\/strong>\n<ul class=\"wp-block-list\">\n<li><strong>389<\/strong> mbi 61 vje\u00e7<\/li>\n\n\n\n<li><strong>56<\/strong> t\u00eb grupmosh\u00ebs 46-60 vje\u00e7<\/li>\n\n\n\n<li><strong>18<\/strong> t\u00eb grupmosh\u00ebs 26-45 vje\u00e7<\/li>\n\n\n\n<li><strong>5<\/strong> n\u00ebn 25 vje\u00e7<\/li>\n<\/ul>\n<\/li>\n\n\n\n<li><strong>Diagnozat kryesore <\/strong><\/li>\n\n\n\n<li><strong>Kancer i mushk\u00ebrive:<\/strong> 86 raste<\/li>\n\n\n\n<li><strong>Kancer i stomakut:<\/strong> 60 raste<\/li>\n\n\n\n<li><strong>Kancer i gjirit:<\/strong> 36 raste<\/li>\n\n\n\n<li><strong>Kancer i veshkave dhe rrug\u00ebve urinare:<\/strong> 33 raste<\/li>\n\n\n\n<li><strong>S\u00ebmundje kronike:<\/strong> 12 raste<\/li>\n\n\n\n<li><strong>Diagnoza t\u00eb tjera:<\/strong> 248 raste<\/li>\n\n\n\n<li><strong>289 pacient\u00eb<\/strong> kan\u00eb k\u00ebrkuar trajtime p\u00ebr plag\u00eb.<\/li>\n\n\n\n<li><strong>Shkalla<\/strong> bje shum\u00eb t\u00eb r\u00ebnda<\/li>\n\n\n\n<li>158 me dhimbje t\u00eb forta<\/li>\n\n\n\n<li>193 me dhimbje t\u00eb moderuar<\/li>\n\n\n\n<li>22 pa dhimbje, por me simptoma t\u00eb tjera q\u00eb duhen adresuar<\/li>\n\n\n\n<li><strong>262 t\u00eb moshuar<\/strong> t\u00eb vetmuar, me probleme sociale dhe ekonomike kan\u00eb marr\u00eb mb\u00ebshtetje t\u00eb vazhdueshme<\/li>\n\n\n\n<li><strong>2813 vizita<\/strong> nga mjek\u00ebt<\/li>\n\n\n\n<li><strong>6920 vizita<\/strong> nga infermier\u00eb<\/li>\n\n\n\n<li><strong>1200 vizita<\/strong> nga punonj\u00ebsit social\u00eb<\/li>\n\n\n\n<li><strong>3367 vizita<\/strong> nga kujdestar\u00ebt<\/li>\n\n\n\n<li><strong>163 vizita<\/strong> p\u00ebr pacient\u00eb t\u00eb paregjistruar, por me nevoja emergjente<\/li>\n\n\n\n<li><strong>18,511 telefonata<\/strong> me pacient\u00eb dhe t\u00eb af\u00ebrm, p\u00ebrfshir\u00eb edhe fundjavat<\/li>\n\n\n\n<li><strong>187 pako ushqimore<\/strong> jan\u00eb shp\u00ebrndar\u00eb p\u00ebr p\u00ebrfituesit<\/li>\n\n\n\n<li><strong>148 vakte ushqimore<\/strong> t\u00eb shp\u00ebrndara p\u00ebr pacient\u00ebt dhe t\u00eb moshuarit n\u00eb nevoj\u00eb<\/li>\n\n\n\n<li><strong>225 pako higjienike<\/strong> t\u00eb shp\u00ebrndara p\u00ebr t\u00eb siguruar higjien\u00ebn personale<\/li>\n\n\n\n<li><strong>3367 vizita<\/strong> nga kujdestar\u00ebt n\u00eb sht\u00ebpit\u00eb e pacient\u00ebve dhe t\u00eb moshuarve, me aktivitete si:\n<ul class=\"wp-block-list\">\n<li><strong>325 her\u00eb<\/strong> p\u00ebrgatitje e vakteve ushqimore <\/li>\n\n\n\n<li><strong>226 her\u00eb<\/strong> ndihm\u00eb p\u00ebr ushqyerje<\/li>\n\n\n\n<li><strong>1183 her\u00eb<\/strong> mir\u00ebmbajtje e higjen\u00ebs t\u00eb sht\u00ebpis\u00eb<\/li>\n\n\n\n<li><strong>333 shoq\u00ebrime<\/strong> p\u00ebr vizita te mjeku<\/li>\n\n\n\n<li><strong>335 shoq\u00ebrime<\/strong> n\u00eb aktivitete komunitare<\/li>\n\n\n\n<li><strong>1201 her\u00eb<\/strong> kryerja e pazarit <\/li>\n\n\n\n<li><strong>279 her\u00eb<\/strong> t\u00ebrheqje barnash nga farmacit\u00eb<\/li>\n\n\n\n<li><strong>773 <\/strong>her\u00eb p\u00ebrkujdesje p\u00ebr higjien\u00ebn personale<\/li>\n\n\n\n<li><strong>1385 raste<\/strong> mb\u00ebshtetje emocionale p\u00ebr t\u00eb reduktuar vetmin\u00eb<\/li>\n\n\n\n<li><strong>177 her\u00eb<\/strong> pagesa t\u00eb faturave (energji, uj\u00eb, internet, telefon)<\/li>\n\n\n\n<li><strong>1080 her\u00eb<\/strong> p\u00ebrgatitje vaktesh ose administrim barnash<\/li>\n<\/ul>\n<\/li>\n\n\n\n<li><strong>805 pacient\u00eb<\/strong> jan\u00eb mb\u00ebshtetur me pajisje komforti, materiale mjek\u00ebsore<\/li>\n<\/ul>\n\n\n\n<hr class=\"wp-block-separator has-alpha-channel-opacity\"\/>\n\n\n\n<h2 class=\"wp-block-heading\">\ud83c\udfe2 Organizata<\/h2>\n\n\n\n<p><strong>Ryder Albania<\/strong><br>N\u00eb sh\u00ebrbim t\u00eb pacient\u00ebve dhe t\u00eb moshuarve n\u00eb Tiran\u00eb dhe Durr\u00ebs<br><strong>Periudha e raportimit:<\/strong> Janar &#8211; Dhjetor 2024<\/p>\n\n\n\n<p><\/p>\n","protected":false},"excerpt":{"rendered":"<p>\ud83d\udccd P\u00ebrfitues t\u00eb sh\u00ebrbimeve t\u00eb ofruara gjat\u00eb vitit 2024 n\u00eb Tiran\u00eb dhe Durr\u00ebs \ud83c\udfe2 Organizata Ryder AlbaniaN\u00eb sh\u00ebrbim t\u00eb pacient\u00ebve dhe t\u00eb moshuarve n\u00eb Tiran\u00eb dhe Durr\u00ebsPeriudha e raportimit: Janar &#8211; Dhjetor 2024<\/p>\n","protected":false},"author":2,"featured_media":0,"parent":0,"menu_order":0,"comment_status":"closed","ping_status":"closed","template":"","meta":{"footnotes":""},"class_list":["post-1829","page","type-page","status-publish","hentry"],"_links":{"self":[{"href":"https:\/\/ryderalbania.org.al\/sq\/wp-json\/wp\/v2\/pages\/1829"}],"collection":[{"href":"https:\/\/ryderalbania.org.al\/sq\/wp-json\/wp\/v2\/pages"}],"about":[{"href":"https:\/\/ryderalbania.org.al\/sq\/wp-json\/wp\/v2\/types\/page"}],"author":[{"embeddable":true,"href":"https:\/\/ryderalbania.org.al\/sq\/wp-json\/wp\/v2\/users\/2"}],"replies":[{"embeddable":true,"href":"https:\/\/ryderalbania.org.al\/sq\/wp-json\/wp\/v2\/comments?post=1829"}],"version-history":[{"count":5,"href":"https:\/\/ryderalbania.org.al\/sq\/wp-json\/wp\/v2\/pages\/1829\/revisions"}],"predecessor-version":[{"id":3288,"href":"https:\/\/ryderalbania.org.al\/sq\/wp-json\/wp\/v2\/pages\/1829\/revisions\/3288"}],"wp:attachment":[{"href":"https:\/\/ryderalbania.org.al\/sq\/wp-json\/wp\/v2\/media?parent=1829"}],"curies":[{"name":"wp","href":"https:\/\/api.w.org\/{rel}","templated":true}]}}