{"id":3552,"date":"2026-04-17T18:02:25","date_gmt":"2026-04-17T16:02:25","guid":{"rendered":"https:\/\/ryderalbania.org.al\/?page_id=3552"},"modified":"2026-04-17T18:02:27","modified_gmt":"2026-04-17T16:02:27","slug":"aktivitetet-e-zhvilluara","status":"publish","type":"page","link":"https:\/\/ryderalbania.org.al\/en\/aktivitetet-e-zhvilluara\/","title":{"rendered":"Aktivitetet e zhvilluara"},"content":{"rendered":"<ul class=\"wp-block-latest-posts__list is-grid columns-3 has-dates wp-block-latest-posts\"><li><a class=\"wp-block-latest-posts__post-title\" href=\"https:\/\/ryderalbania.org.al\/en\/2026\/02\/10\/thirrje-per-aplikim-per-teknik-laboratori\/\">Thirrje p\u00ebr aplikim p\u00ebr Teknik Laboratori<\/a><time datetime=\"2026-02-10T16:43:35+02:00\" class=\"wp-block-latest-posts__post-date\">10\/02\/2026<\/time><div class=\"wp-block-latest-posts__post-excerpt\">Pozicioni: Teknik laboratori Shoqata Ryder Albania Association, organizat\u00eb jofitimprur\u00ebse me p\u00ebrvoj\u00eb shum\u00ebvje\u00e7are n\u00eb ofrimin e sh\u00ebrbimeve sh\u00ebndet\u00ebsore dhe sociale, shpall thirrjen p\u00ebr aplikim p\u00ebr pozicionin Teknik Laboratori. P\u00ebrshkrimi i Pozicionit Tekniku i Laboratorit do t\u00eb jet\u00eb p\u00ebrgjegj\u00ebs p\u00ebr p\u00ebrgatitjen e mostrave, kryerjen e analizave laboratorike rutin\u00eb dhe mb\u00ebshtetjen e funksionimit t\u00eb p\u00ebrditsh\u00ebm t\u00eb laboratorit, duke garantuar cil\u00ebsi, sakt\u00ebsi dhe respektim &hellip; <\/div><\/li>\n<li><a class=\"wp-block-latest-posts__post-title\" href=\"https:\/\/ryderalbania.org.al\/en\/2026\/02\/09\/thirrje-per-aplikim-per-pozicionin-mjek-laboratori\/\">Thirrje p\u00ebr aplikim p\u00ebr pozicionin Mjek Laboratori.<\/a><time datetime=\"2026-02-09T11:21:46+02:00\" class=\"wp-block-latest-posts__post-date\">09\/02\/2026<\/time><div class=\"wp-block-latest-posts__post-excerpt\">Pozicioni: Mjek laboratori Shoqata Ryder Albania Association, organizat\u00eb jofitimprur\u00ebse me p\u00ebrvoj\u00eb shum\u00ebvje\u00e7are n\u00eb ofrimin e sh\u00ebrbimeve sh\u00ebndet\u00ebsore dhe sociale, shpall thirrjen p\u00ebr aplikim p\u00ebr pozicionin Mjek Laboratori. P\u00ebrshkrimi i Pozicionit Mjeku i Laboratorit do t\u00eb jet\u00eb p\u00ebrgjegj\u00ebs p\u00ebr kryerjen, mbik\u00ebqyrjen dhe interpretimin e analizave laboratorike, duke garantuar cil\u00ebsi, sakt\u00ebsi dhe respektim t\u00eb standardeve profesionale dhe etike n\u00eb p\u00ebrputhje me legjislacionin &hellip; <\/div><\/li>\n<li><a class=\"wp-block-latest-posts__post-title\" href=\"https:\/\/ryderalbania.org.al\/en\/2025\/10\/21\/ryder-albania-ne-erasmus-info-days-partneritet-per-perfshirje-sociale-dhe-zhvillim-komunitar\/\">\u201cRyder Albania n\u00eb Erasmus Info Days: Partneritet p\u00ebr p\u00ebrfshirje sociale dhe zhvillim komunitar\u201d<\/a><time datetime=\"2025-10-21T09:31:48+02:00\" class=\"wp-block-latest-posts__post-date\">21\/10\/2025<\/time><div class=\"wp-block-latest-posts__post-excerpt\">Shoqata Ryder Albania mori pjes\u00eb n\u00eb aktivitetin Erasmus Info Days, t\u00eb zhvilluar n\u00eb Europe House Tirana dhe t\u00eb organizuar nga @euinalbania. Ky aktivitet p\u00ebrfaq\u00ebson angazhimin e vazhduesh\u00ebm t\u00eb Ryder p\u00ebr zgjerimin e mund\u00ebsive t\u00eb bashk\u00ebpunimit n\u00eb kuad\u00ebr t\u00eb programit Erasmus+, ve\u00e7an\u00ebrisht n\u00eb fushat e p\u00ebrfshirjes sociale, arsimit, kujdesit sh\u00ebndet\u00ebsor dhe zhvillimit komunitar. P\u00ebrmes Erasmus+, Ryder do t\u00eb vazhdoj\u00eb t\u00eb nd\u00ebrtoj\u00eb &hellip; <\/div><\/li>\n<li><a class=\"wp-block-latest-posts__post-title\" href=\"https:\/\/ryderalbania.org.al\/en\/2025\/10\/21\/dita-boterore-e-ushqimit-bashke-per-menaxhimin-e-qendrueshem-te-ushqimit-dhe-mbeshtetjen-sociale\/\">\u201cDita Bot\u00ebrore e Ushqimit: Bashk\u00eb p\u00ebr menaxhimin e q\u00ebndruesh\u00ebm t\u00eb ushqimit dhe mb\u00ebshtetjen sociale\u201d<\/a><time datetime=\"2025-10-21T09:29:54+02:00\" class=\"wp-block-latest-posts__post-date\">21\/10\/2025<\/time><div class=\"wp-block-latest-posts__post-excerpt\">Shoqata Ryder Albania mori pjes\u00eb n\u00eb aktivitetin e organizuar nga Food Bank Albania me rastin e Dit\u00ebs Bot\u00ebrore t\u00eb Ushqimit (16 Tetor), me tem\u00eb: &#8220;Menaxhimi i Tepricave Ushqimore &#8211; Vlerat Sociale, Ekonomike, Ekologjike dhe Praktikat e Food Banking.&#8221; Ky aktivitet theksoi r\u00ebnd\u00ebsin\u00eb e menaxhimit t\u00eb q\u00ebndruesh\u00ebm t\u00eb ushqimit, si dhe kontributin e p\u00ebrbashk\u00ebt t\u00eb institucioneve, organizatave dhe bizneseve n\u00eb ndihm\u00eb &hellip; <\/div><\/li>\n<li><a class=\"wp-block-latest-posts__post-title\" href=\"https:\/\/ryderalbania.org.al\/en\/2025\/10\/21\/permbyllet-me-sukses-seria-e-trajnimeve-mbi-qasjen-holistike-ne-kujdesin-paliativ-ne-durres\/\">\u201cP\u00ebrmbyllet me sukses seria e trajnimeve mbi qasjen holistike n\u00eb kujdesin paliativ n\u00eb Durr\u00ebs\u201d<\/a><time datetime=\"2025-10-21T09:24:44+02:00\" class=\"wp-block-latest-posts__post-date\">21\/10\/2025<\/time><div class=\"wp-block-latest-posts__post-excerpt\">Shoqata Ryder Albania, n\u00eb bashk\u00ebpunim me NjVKSh Durr\u00ebs p\u00ebrmbylli me sukses serin\u00eb e trajnimeve me tem\u00eb: &#8220;Qasje Holistike n\u00eb Kujdesin Paliativ: Nga Teoria n\u00eb Praktik\u00eb&#8221;, zhvilluar n\u00eb Durr\u00ebs, n\u00eb datat 22 shtator &#8211; 3 tetor 2025. Trajnimet u zhvilluan n\u00eb sall\u00ebn qendrore t\u00eb K\u00ebshillit t\u00eb Qarkut Durr\u00ebs, duke p\u00ebrfshir\u00eb profesionist\u00ebt e 18 qendrave sh\u00ebndet\u00ebsore t\u00eb kujdesit par\u00ebsor n\u00ebn juridiksionin e &hellip; <\/div><\/li>\n<\/ul>\n\n\n<p><\/p>","protected":false},"excerpt":{"rendered":"","protected":false},"author":3,"featured_media":0,"parent":0,"menu_order":0,"comment_status":"closed","ping_status":"closed","template":"","meta":{"footnotes":""},"class_list":["post-3552","page","type-page","status-publish","hentry"],"_links":{"self":[{"href":"https:\/\/ryderalbania.org.al\/en\/wp-json\/wp\/v2\/pages\/3552","targetHints":{"allow":["GET"]}}],"collection":[{"href":"https:\/\/ryderalbania.org.al\/en\/wp-json\/wp\/v2\/pages"}],"about":[{"href":"https:\/\/ryderalbania.org.al\/en\/wp-json\/wp\/v2\/types\/page"}],"author":[{"embeddable":true,"href":"https:\/\/ryderalbania.org.al\/en\/wp-json\/wp\/v2\/users\/3"}],"replies":[{"embeddable":true,"href":"https:\/\/ryderalbania.org.al\/en\/wp-json\/wp\/v2\/comments?post=3552"}],"version-history":[{"count":1,"href":"https:\/\/ryderalbania.org.al\/en\/wp-json\/wp\/v2\/pages\/3552\/revisions"}],"predecessor-version":[{"id":3553,"href":"https:\/\/ryderalbania.org.al\/en\/wp-json\/wp\/v2\/pages\/3552\/revisions\/3553"}],"wp:attachment":[{"href":"https:\/\/ryderalbania.org.al\/en\/wp-json\/wp\/v2\/media?parent=3552"}],"curies":[{"name":"wp","href":"https:\/\/api.w.org\/{rel}","templated":true}]}}