{"id":1873,"date":"2023-07-25T23:18:19","date_gmt":"2023-07-25T21:18:19","guid":{"rendered":"https:\/\/ryderalbania.org.al\/?page_id=1873"},"modified":"2025-05-13T09:23:17","modified_gmt":"2025-05-13T07:23:17","slug":"perditesime","status":"publish","type":"page","link":"https:\/\/ryderalbania.org.al\/en\/perditesime\/","title":{"rendered":"P\u00ebrdit\u00ebsime"},"content":{"rendered":"\n<p><strong>Informacione t\u00eb dobishme p\u00ebr pacient\u00ebt, familiar\u00ebt dhe kujdestar\u00ebt<\/strong>.<\/p>\n\n\n\n<p><strong><em><strong><em>T\u00eb p\u00ebrzierat dhe t\u00eb vjellat: Informacion p\u00ebr pacient\u00ebt dhe kujdestar\u00ebt<\/em><\/strong><\/em><\/strong><\/p>\n\n\n\n<p><a href=\"https:\/\/ryderalbania.org.al\/wp-content\/uploads\/2025\/04\/Te-perzierat-dhe-te-vjellat-Informacion-per-pacientet-dhe-kujdestaret-3.pdf\">https:\/\/ryderalbania.org.al\/wp-content\/uploads\/2025\/04\/Te-perzierat-dhe-te-vjellat-Informacion-per-pacientet-dhe-kujdestaret-3.pdf<\/a><\/p>\n\n\n\n<p><strong><em><strong><em>Kujdesi p\u00ebr nj\u00eb pacient q\u00eb ka v\u00ebshtir\u00ebsi n\u00eb frym\u00ebmarrje n\u00eb sht\u00ebpi<\/em><\/strong><\/em><\/strong><\/p>\n\n\n\n<p><a href=\"https:\/\/ryderalbania.org.al\/wp-content\/uploads\/2025\/04\/Kujdesi-per-nje-pacient-qe-ka-veshtiresi-ne-frymemarrje-ne-shtepi.pdf\">https:\/\/ryderalbania.org.al\/wp-content\/uploads\/2025\/04\/Kujdesi-per-nje-pacient-qe-ka-veshtiresi-ne-frymemarrje-ne-shtepi.pdf<\/a> <\/p>\n\n\n\n<p><strong><em><strong><em>Shqet\u00ebsimet p\u00ebr opiat\u00ebt: Informacion p\u00ebr pacient\u00ebt dhe kujdestar\u00ebt<\/em><\/strong><\/em><\/strong><\/p>\n\n\n\n<p><a href=\"https:\/\/ryderalbania.org.al\/wp-content\/uploads\/2025\/04\/Shqetesimet-per-opiatet-Informacion-per-pacientet-dhe-kujdestaret.pdf\">https:\/\/ryderalbania.org.al\/wp-content\/uploads\/2025\/04\/Shqetesimet-per-opiatet-Informacion-per-pacientet-dhe-kujdestaret.pdf<\/a> <\/p>\n\n\n\n<p><strong><em><strong><em>Reaksionet e l\u00ebkur\u00ebs nga radioterapia: Informacion p\u00ebr pacient\u00ebt dhe kujdestar\u00ebt<\/em><\/strong><\/em><\/strong><\/p>\n\n\n\n<p><a href=\"https:\/\/ryderalbania.org.al\/wp-content\/uploads\/2025\/04\/Reaksionet-e-lekures-nga-radioterapia-Informacion-per-pacientet-dhe-kujdestaret.pdf\">https:\/\/ryderalbania.org.al\/wp-content\/uploads\/2025\/04\/Reaksionet-e-lekures-nga-radioterapia-Informacion-per-pacientet-dhe-kujdestaret.pdf<\/a> <\/p>\n\n\n\n<p><strong><em><strong><em>Qet\u00ebsuesit e dhimbjes: Informacion p\u00ebr pacient\u00ebt dhe kujdestar\u00ebt<\/em><\/strong><\/em><\/strong><\/p>\n\n\n\n<p><a href=\"https:\/\/ryderalbania.org.al\/wp-content\/uploads\/2025\/04\/Qetesuesit-e-dhimbjes-Informacion-per-pacientet-dhe-kujdestaret.pdf\">https:\/\/ryderalbania.org.al\/wp-content\/uploads\/2025\/04\/Qetesuesit-e-dhimbjes-Informacion-per-pacientet-dhe-kujdestaret.pdf<\/a> <\/p>\n\n\n\n<p><strong><em><strong><em>Kapsll\u00ebku i shkaktuar nga medikamentet: Informacion p\u00ebr pacient\u00ebt dhe kujdestar\u00ebt<\/em><\/strong><\/em><\/strong><\/p>\n\n\n\n<p><a href=\"https:\/\/ryderalbania.org.al\/wp-content\/uploads\/2025\/04\/Kapslleku-i-shkaktuar-nga-medikamentet-Informacion-per-pacientet-dhe-kujdestaret.pdf\">https:\/\/ryderalbania.org.al\/wp-content\/uploads\/2025\/04\/Kapslleku-i-shkaktuar-nga-medikamentet-Informacion-per-pacientet-dhe-kujdestaret.pdf<\/a> <\/p>\n\n\n\n<p><strong><em><strong><em>Bllokimi i zorr\u00ebve: Informacion p\u00ebr pacient\u00ebt dhe kujdestar\u00ebt<\/em><\/strong><\/em><\/strong><\/p>\n\n\n\n<p><a href=\"https:\/\/ryderalbania.org.al\/wp-content\/uploads\/2025\/04\/Bllokimi-i-zorreve-Informacion-per-pacientet-dhe-kujdestaret.pdf\">https:\/\/ryderalbania.org.al\/wp-content\/uploads\/2025\/04\/Bllokimi-i-zorreve-Informacion-per-pacientet-dhe-kujdestaret.pdf<\/a><\/p>\n\n\n\n<p><strong><em><strong><em>Limfoedema: Informacion p\u00ebr pacient\u00ebt dhe kujdestar\u00ebt<\/em><\/strong><\/em><\/strong><\/p>\n\n\n\n<p><a href=\"https:\/\/ryderalbania.org.al\/wp-content\/uploads\/2025\/04\/Limfoedema-Informacion-per-pacientet-dhe-kujdestaret.pdf\">https:\/\/ryderalbania.org.al\/wp-content\/uploads\/2025\/04\/Limfoedema-Informacion-per-pacientet-dhe-kujdestaret.pdf<\/a> <\/p>\n\n\n\n<p><strong><em><strong><em>Kompresioni i palc\u00ebs kurrizore: Informacion p\u00ebr pacient\u00ebt dhe kujdestar\u00ebt<\/em><\/strong><\/em><\/strong><\/p>\n\n\n\n<p><a href=\"https:\/\/ryderalbania.org.al\/wp-content\/uploads\/2025\/04\/Kompresioni-i-palces-kurrizore-Informacion-per-pacientet-dhe-kujdestaret.pdf\">https:\/\/ryderalbania.org.al\/wp-content\/uploads\/2025\/04\/Kompresioni-i-palces-kurrizore-Informacion-per-pacientet-dhe-kujdestaret.pdf<\/a><\/p>\n\n\n\n<p><strong><em><strong><em>Kujdesi p\u00ebr goj\u00ebn: Informacion p\u00ebr pacient\u00ebt dhe kujdestar\u00ebt<\/em><\/strong><\/em><\/strong><\/p>\n\n\n\n<p><a href=\"https:\/\/ryderalbania.org.al\/wp-content\/uploads\/2025\/04\/Kujdesi-per-gojen-Informacion-per-pacientet-dhe-kujdestaret.pdf\">https:\/\/ryderalbania.org.al\/wp-content\/uploads\/2025\/04\/Kujdesi-per-gojen-Informacion-per-pacientet-dhe-kujdestaret.pdf<\/a> <\/p>\n\n\n\n<p><strong><em><strong><em>\u00c7far\u00eb t\u00eb prisni kur dikush af\u00ebr jush \u00ebsht\u00eb n\u00eb dit\u00ebt e fundit t\u00eb jet\u00ebs<\/em><\/strong><\/em><\/strong><\/p>\n\n\n\n<p><a href=\"https:\/\/ryderalbania.org.al\/wp-content\/uploads\/2025\/04\/Cfare-te-prisni-kur-dikush-afer-jush-eshte-ne-ditet-e-fundit-te-jetes.pdf\">https:\/\/ryderalbania.org.al\/wp-content\/uploads\/2025\/04\/Cfare-te-prisni-kur-dikush-afer-jush-eshte-ne-ditet-e-fundit-te-jetes.pdf<\/a> <\/p>\n\n\n\n<p><strong><em><strong><em>Ankthi drejt fundit t\u00eb jet\u00ebs: Informacion p\u00ebr pacient\u00ebt dhe kujdestar\u00ebt<\/em><\/strong><\/em><\/strong><\/p>\n\n\n\n<p><a href=\"https:\/\/ryderalbania.org.al\/wp-content\/uploads\/2025\/04\/Ankthi-drejt-fundit-te-jetes-Informacion-per-pacientet-dhe-kujdestaret.pdf\">https:\/\/ryderalbania.org.al\/wp-content\/uploads\/2025\/04\/Ankthi-drejt-fundit-te-jetes-Informacion-per-pacientet-dhe-kujdestaret.pdf<\/a> <\/p>\n\n\n\n<p><strong><em><strong><em>Dh\u00ebnia e nj\u00eb banj\u00eb n\u00eb shtrat<\/em><\/strong><\/em><\/strong><\/p>\n\n\n\n<p><a href=\"https:\/\/ryderalbania.org.al\/wp-content\/uploads\/2025\/04\/Dhenia-e-nje-banje-ne-shtrat.pdf\">https:\/\/ryderalbania.org.al\/wp-content\/uploads\/2025\/04\/Dhenia-e-nje-banje-ne-shtrat.pdf<\/a><\/p>\n\n\n\n<p><strong><em><strong><em>Axhitimi dhe shqet\u00ebsim n\u00eb dit\u00ebt e fundit: Informacion p\u00ebr pacient\u00ebt dhe kujdestar\u00ebt<\/em><\/strong><\/em><\/strong><\/p>\n\n\n\n<p><a href=\"https:\/\/ryderalbania.org.al\/wp-content\/uploads\/2025\/04\/Axhitimi-dhe-shqetesimi-ne-ditet-e-fundit-Informacion-per-pacientet-dhe-kujdestaret.pdf\">https:\/\/ryderalbania.org.al\/wp-content\/uploads\/2025\/04\/Axhitimi-dhe-shqetesimi-ne-ditet-e-fundit-Informacion-per-pacientet-dhe-kujdestaret.pdf<\/a> <\/p>\n\n\n\n<p><strong><em><strong><em>Mb\u00ebshtetja e f\u00ebmij\u00ebve kur dikush po vdes<\/em><\/strong><\/em><\/strong><\/p>\n\n\n\n<p><a href=\"https:\/\/ryderalbania.org.al\/wp-content\/uploads\/2025\/04\/Mbeshtetja-e-femijeve-kur-dikush-po-vdes.pdf\">https:\/\/ryderalbania.org.al\/wp-content\/uploads\/2025\/04\/Mbeshtetja-e-femijeve-kur-dikush-po-vdes.pdf<\/a><\/p>\n\n\n\n<p><strong><em><strong><em>Ajo q\u00eb ka r\u00ebnd\u00ebsi p\u00ebr ju &#8211; bisedat q\u00eb kan\u00eb r\u00ebnd\u00ebsi<\/em><\/strong><\/em><\/strong><\/p>\n\n\n\n<p><a href=\"https:\/\/ryderalbania.org.al\/wp-content\/uploads\/2025\/04\/Ajo-qe-ka-rendesi-per-ju-bisedat-qe-kane-rendesi.pdf\">https:\/\/ryderalbania.org.al\/wp-content\/uploads\/2025\/04\/Ajo-qe-ka-rendesi-per-ju-bisedat-qe-kane-rendesi.pdf<\/a><\/p>\n\n\n\n<p><strong><em><strong><em>Dhimbja dhe demenca<\/em><\/strong><\/em><\/strong><\/p>\n\n\n\n<p><a href=\"https:\/\/ryderalbania.org.al\/wp-content\/uploads\/2025\/04\/Dhimbja-dhe-demenca.pdf\">https:\/\/ryderalbania.org.al\/wp-content\/uploads\/2025\/04\/Dhimbja-dhe-demenca.pdf<\/a><\/p>\n\n\n\n<p><strong><em><strong><em>Kujdesi paliativ dhe demenca<\/em><\/strong><\/em><\/strong><\/p>\n\n\n\n<p><a href=\"https:\/\/ryderalbania.org.al\/wp-content\/uploads\/2025\/04\/Kujdesi-paliativ-dhe-demenca.pdf\">https:\/\/ryderalbania.org.al\/wp-content\/uploads\/2025\/04\/Kujdesi-paliativ-dhe-demenca.pdf<\/a><\/p>\n\n\n\n<p><strong><em>\u00c7far\u00eb duhet t\u00eb b\u00ebjn\u00eb familjet kur dikush i af\u00ebrm ndahet nga jeta<\/em><\/strong>&nbsp;<\/p>\n\n\n\n<p><a href=\"https:\/\/ryderalbania.org.al\/wp-content\/uploads\/2025\/04\/Cfare-duhet-te-bejne-familjet-kur-dikush-i-aferm-ndahet-nga-jeta.pdf\">https:\/\/ryderalbania.org.al\/wp-content\/uploads\/2025\/04\/Cfare-duhet-te-bejne-familjet-kur-dikush-i-aferm-ndahet-nga-jeta.pdf<\/a><\/p>\n\n\n\n<p><strong><em>Nj\u00eb qasje p\u00ebr t\u00eb organizuar kujdesin, sh\u00ebndetin dhe d\u00ebshirat tuaja n\u00eb t\u00eb ardhmen<\/em><\/strong><\/p>\n\n\n\n<p><a href=\"https:\/\/ryderalbania.org.al\/wp-content\/uploads\/2025\/04\/Nje-qasje-per-te-organizuar-kujdesin^J-shendetin-dhe-deshirat-tuaja-ne-te-ardhmen.pdf\">https:\/\/ryderalbania.org.al\/wp-content\/uploads\/2025\/04\/Nje-qasje-per-te-organizuar-kujdesin^J-shendetin-dhe-deshirat-tuaja-ne-te-ardhmen.pdf<\/a><\/p>\n\n\n\n<p><strong><em><strong><em>Shpjegimi i pik\u00ebllimit<\/em><\/strong><\/em><\/strong><\/p>\n\n\n\n<p><a href=\"https:\/\/ryderalbania.org.al\/wp-content\/uploads\/2025\/04\/Shpjegimi-i-pikellimit.pdf\">https:\/\/ryderalbania.org.al\/wp-content\/uploads\/2025\/04\/Shpjegimi-i-pikellimit.pdf<\/a><\/p>\n\n\n\n<p><strong><em><strong><em>Pagjum\u00ebsia n\u00eb kujdesin paliativ: Informacion p\u00ebr pacient\u00ebt dhe kujdestar\u00ebt<\/em><\/strong><\/em><\/strong><\/p>\n\n\n\n<p><a href=\"https:\/\/ryderalbania.org.al\/wp-content\/uploads\/2025\/04\/Pagjumesia-ne-kujdesin-paliativ-Informacion-per-pacientet-dhe-kujdestaret.pdf\">https:\/\/ryderalbania.org.al\/wp-content\/uploads\/2025\/04\/Pagjumesia-ne-kujdesin-paliativ-Informacion-per-pacientet-dhe-kujdestaret.pdf<\/a><\/p>\n\n\n\n<p><strong><em><strong><em>Depresioni n\u00eb kujdesin paliativ: Informacion p\u00ebr pacient\u00ebt dhe kujdestar\u00ebt<\/em><\/strong><\/em><\/strong><\/p>\n\n\n\n<p><a href=\"https:\/\/ryderalbania.org.al\/wp-content\/uploads\/2025\/05\/Depresioni-ne-kujdesin-paliativ-Informacion-per-pacientet-dhe-kujdestaret.pdf\">https:\/\/ryderalbania.org.al\/wp-content\/uploads\/2025\/05\/Depresioni-ne-kujdesin-paliativ-Informacion-per-pacientet-dhe-kujdestaret.pdf<\/a> <\/p>\n\n\n\n<p><strong><em>Simptoma t\u00eb tjera<\/em><\/strong><\/p>\n\n\n\n<p><a href=\"https:\/\/ryderalbania.org.al\/wp-content\/uploads\/2025\/05\/Simptoma-te-tjera-shoqeruese.pdf\">https:\/\/ryderalbania.org.al\/wp-content\/uploads\/2025\/05\/Simptoma-te-tjera-shoqeruese.pdf<\/a><\/p>\n","protected":false},"excerpt":{"rendered":"<p>Informacione t\u00eb dobishme p\u00ebr pacient\u00ebt, familiar\u00ebt dhe kujdestar\u00ebt. T\u00eb p\u00ebrzierat dhe t\u00eb vjellat: Informacion p\u00ebr pacient\u00ebt dhe kujdestar\u00ebt https:\/\/ryderalbania.org.al\/wp-content\/uploads\/2025\/04\/Te-perzierat-dhe-te-vjellat-Informacion-per-pacientet-dhe-kujdestaret-3.pdf Kujdesi p\u00ebr nj\u00eb pacient q\u00eb ka v\u00ebshtir\u00ebsi n\u00eb frym\u00ebmarrje n\u00eb sht\u00ebpi https:\/\/ryderalbania.org.al\/wp-content\/uploads\/2025\/04\/Kujdesi-per-nje-pacient-qe-ka-veshtiresi-ne-frymemarrje-ne-shtepi.pdf Shqet\u00ebsimet p\u00ebr opiat\u00ebt: Informacion p\u00ebr pacient\u00ebt dhe kujdestar\u00ebt https:\/\/ryderalbania.org.al\/wp-content\/uploads\/2025\/04\/Shqetesimet-per-opiatet-Informacion-per-pacientet-dhe-kujdestaret.pdf Reaksionet e l\u00ebkur\u00ebs nga radioterapia: Informacion p\u00ebr pacient\u00ebt dhe kujdestar\u00ebt https:\/\/ryderalbania.org.al\/wp-content\/uploads\/2025\/04\/Reaksionet-e-lekures-nga-radioterapia-Informacion-per-pacientet-dhe-kujdestaret.pdf Qet\u00ebsuesit e dhimbjes: Informacion p\u00ebr pacient\u00ebt dhe kujdestar\u00ebt https:\/\/ryderalbania.org.al\/wp-content\/uploads\/2025\/04\/Qetesuesit-e-dhimbjes-Informacion-per-pacientet-dhe-kujdestaret.pdf &hellip; <\/p>\n","protected":false},"author":2,"featured_media":0,"parent":0,"menu_order":0,"comment_status":"closed","ping_status":"closed","template":"","meta":{"footnotes":""},"class_list":["post-1873","page","type-page","status-publish","hentry"],"_links":{"self":[{"href":"https:\/\/ryderalbania.org.al\/en\/wp-json\/wp\/v2\/pages\/1873"}],"collection":[{"href":"https:\/\/ryderalbania.org.al\/en\/wp-json\/wp\/v2\/pages"}],"about":[{"href":"https:\/\/ryderalbania.org.al\/en\/wp-json\/wp\/v2\/types\/page"}],"author":[{"embeddable":true,"href":"https:\/\/ryderalbania.org.al\/en\/wp-json\/wp\/v2\/users\/2"}],"replies":[{"embeddable":true,"href":"https:\/\/ryderalbania.org.al\/en\/wp-json\/wp\/v2\/comments?post=1873"}],"version-history":[{"count":11,"href":"https:\/\/ryderalbania.org.al\/en\/wp-json\/wp\/v2\/pages\/1873\/revisions"}],"predecessor-version":[{"id":3351,"href":"https:\/\/ryderalbania.org.al\/en\/wp-json\/wp\/v2\/pages\/1873\/revisions\/3351"}],"wp:attachment":[{"href":"https:\/\/ryderalbania.org.al\/en\/wp-json\/wp\/v2\/media?parent=1873"}],"curies":[{"name":"wp","href":"https:\/\/api.w.org\/{rel}","templated":true}]}}