{"id":1867,"date":"2023-07-25T23:16:51","date_gmt":"2023-07-25T21:16:51","guid":{"rendered":"https:\/\/ryderalbania.org.al\/?page_id=1867"},"modified":"2023-11-03T20:19:56","modified_gmt":"2023-11-03T18:19:56","slug":"kuadri-politik-dhe-ligjor","status":"publish","type":"page","link":"https:\/\/ryderalbania.org.al\/en\/political-and-legal-framework\/","title":{"rendered":"Political and Legal Framework"},"content":{"rendered":"\r\n<div class=\"wp-block-file\"><a id=\"wp-block-file--media-51db466d-e7e8-44b6-9eb2-78f40ea3b86c\" href=\"https:\/\/ryderalbania.org.al\/wp-content\/uploads\/2023\/10\/Ligji-Per-Kujdesin-Paliativ-ne-Republiken-e-Shqiperise.pdf\">Ligji Nr. 138\/2014 &#8211; &#8220;P\u00cbR KUJDESIN PALIATIV N\u00cb REPUBLIK\u00cbN E SHQIP\u00cbRIS\u00cb&#8221;<\/a><a href=\"https:\/\/ryderalbania.org.al\/wp-content\/uploads\/2023\/10\/Ligji-Per-Kujdesin-Paliativ-ne-Republiken-e-Shqiperise.pdf\" class=\"wp-block-file__button wp-element-button\" download=\"\" aria-describedby=\"wp-block-file--media-51db466d-e7e8-44b6-9eb2-78f40ea3b86c\">Shkarko<\/a><\/div>\r\n\r\n\r\n\r\n<div class=\"wp-block-file\"><a id=\"wp-block-file--media-aa5b0f11-f8b8-44e7-b921-301a8684a499\" href=\"https:\/\/ryderalbania.org.al\/wp-content\/uploads\/2023\/10\/ligj-2019-07-18-57-Per-Asistencen-Sociale-ne-Republiken-e-Shqiperise.pdf\">Ligji Nr. 57\/2019 date 18.07.2019 &#8211; &#8220;P\u00cbR ASISTENC\u00cbN SOCIALE N\u00cb REPUBLIK\u00cbN E SHQIP\u00cbRIS\u00cb&#8221;<\/a><a href=\"https:\/\/ryderalbania.org.al\/wp-content\/uploads\/2023\/10\/ligj-2019-07-18-57-Per-Asistencen-Sociale-ne-Republiken-e-Shqiperise.pdf\" class=\"wp-block-file__button wp-element-button\" download=\"\" aria-describedby=\"wp-block-file--media-aa5b0f11-f8b8-44e7-b921-301a8684a499\">Shkarko<\/a><\/div>\r\n\r\n\r\n\r\n<div class=\"wp-block-file\"><a id=\"wp-block-file--media-a949e66d-745f-4dad-94b8-8e368d4755b4\" href=\"https:\/\/ryderalbania.org.al\/wp-content\/uploads\/2023\/10\/Ligj-nr-121-dt.-21.11.16-per-sherbimet-e-kujdesit-shoqeror-ne-Republiken-e-Shqiperise.pdf\">Ligji Nr. 121\/2016 date 21.11.2016  &#8211; &#8220;P\u00cbR SH\u00cbRBIMET E KUJDESIT SHOQ\u00cbROR N\u00cb REPUBLIK\u00cbN E SHQIP\u00cbRIS\u00cb&#8221;<\/a><a href=\"https:\/\/ryderalbania.org.al\/wp-content\/uploads\/2023\/10\/Ligj-nr-121-dt.-21.11.16-per-sherbimet-e-kujdesit-shoqeror-ne-Republiken-e-Shqiperise.pdf\" class=\"wp-block-file__button wp-element-button\" download=\"\" aria-describedby=\"wp-block-file--media-a949e66d-745f-4dad-94b8-8e368d4755b4\">Shkarko<\/a><\/div>\r\n\r\n\r\n\r\n<div class=\"wp-block-file\"><a id=\"wp-block-file--media-db6a4f0a-1857-4c3d-b7a1-72805d5f1185\" href=\"https:\/\/ryderalbania.org.al\/wp-content\/uploads\/2023\/10\/PER_KUJDESIN_SHENDETESOR_NE_REPUBLIKEN_E_SHQIPERISE-2.pdf\">LIGJ Nr.10 107 dat\u00eb 30.3.2009 &#8211; &#8220;P\u00cbR KUJDESIN SH\u00cbNDET\u00cbSOR N\u00cb REPUBLIK\u00cbN E SHQIP\u00cbRIS\u00cb&#8221;<\/a><a href=\"https:\/\/ryderalbania.org.al\/wp-content\/uploads\/2023\/10\/PER_KUJDESIN_SHENDETESOR_NE_REPUBLIKEN_E_SHQIPERISE-2.pdf\" class=\"wp-block-file__button wp-element-button\" download=\"\" aria-describedby=\"wp-block-file--media-db6a4f0a-1857-4c3d-b7a1-72805d5f1185\">Shkarko<\/a><\/div>\r\n\r\n\r\n\r\n<div class=\"wp-block-file\"><a id=\"wp-block-file--media-cdced726-5d84-41ce-8ba6-dd0de250ba12\" href=\"https:\/\/ryderalbania.org.al\/wp-content\/uploads\/2023\/10\/Ligj-nr.-10383-date-24.02.2011-Per-sigurimet-e-detyrueshme-te-kujdesit-shendetesor-ne-RSH-i-ndryshuar.pdf\">Ligji Nr. 10383 date 24.02.2011 &#8211; &#8220;P\u00cbR SIGURIMIN E DETYRUESH\u00cbM T\u00cb KUJDESIT SH\u00cbNDET\u00cbSOR N\u00cb<br>REPUBLIK\u00cbN E SHQIP\u00cbRIS\u00cb&#8221;<\/a><a href=\"https:\/\/ryderalbania.org.al\/wp-content\/uploads\/2023\/10\/Ligj-nr.-10383-date-24.02.2011-Per-sigurimet-e-detyrueshme-te-kujdesit-shendetesor-ne-RSH-i-ndryshuar.pdf\" class=\"wp-block-file__button wp-element-button\" download=\"\" aria-describedby=\"wp-block-file--media-cdced726-5d84-41ce-8ba6-dd0de250ba12\">Shkarko<\/a><\/div>\r\n\r\n\r\n\r\n<div class=\"wp-block-file\"><a id=\"wp-block-file--media-47432070-84fd-40aa-b672-7208b76bee12\" href=\"https:\/\/ryderalbania.org.al\/wp-content\/uploads\/2023\/10\/udhezim-2017-12-18-581-Per-miratimin-e-standarteve-te-sherbimeve-te-perkujdesjes-shoqerore-asistences-shtepiake-per-te-moshuarit.pdf\">UDH\u00cbZIM Nr. 581, dat\u00eb 18.12.201 &#8211; &#8220;P\u00cbR MIRATIMIN E STANDARDEVE T\u00cb SH\u00cbRBIMEVE T\u00cb P\u00cbRKUJDESJES SHOQ\u00cbRORE, ASISTENC\u00cb SHT\u00cbPIAKE, P\u00cbR T\u00cb MOSHUARIT&#8221;<\/a><a href=\"https:\/\/ryderalbania.org.al\/wp-content\/uploads\/2023\/10\/udhezim-2017-12-18-581-Per-miratimin-e-standarteve-te-sherbimeve-te-perkujdesjes-shoqerore-asistences-shtepiake-per-te-moshuarit.pdf\" class=\"wp-block-file__button wp-element-button\" download=\"\" aria-describedby=\"wp-block-file--media-47432070-84fd-40aa-b672-7208b76bee12\">Shkarko<\/a><\/div>\r\n\r\n\r\n\r\n<div class=\"wp-block-file\"><a id=\"wp-block-file--media-abc2e567-8286-4558-9e63-8d603b7a8705\" href=\"https:\/\/ryderalbania.org.al\/wp-content\/uploads\/2023\/10\/vendim-2019-12-24-864-Dokumenti-politik-kombetar-per-moshimin-2020-2024_compressed.pdf\">VENDIM Nr. 864, dat\u00eb 24.12.2019 &#8211; &#8220;P\u00cbR MIRATIMIN E DOKUMENTIT POLITIK KOMB\u00cbTAR P\u00cbR MOSHIMIN,<br>2020\u20132024, DHE T\u00cb PLANIT T\u00cb VEPRIMIT P\u00cbR ZBATIMIN E TIJ&#8221;<\/a><a href=\"https:\/\/ryderalbania.org.al\/wp-content\/uploads\/2023\/10\/vendim-2019-12-24-864-Dokumenti-politik-kombetar-per-moshimin-2020-2024_compressed.pdf\" class=\"wp-block-file__button wp-element-button\" download=\"\" aria-describedby=\"wp-block-file--media-abc2e567-8286-4558-9e63-8d603b7a8705\">Shkarko<\/a><\/div>\r\n\r\n\r\n\r\n<div class=\"wp-block-file\"><a id=\"wp-block-file--media-0384b4e6-2181-4964-9fb1-922e04b7a4e2\" href=\"https:\/\/ryderalbania.org.al\/wp-content\/uploads\/2023\/10\/ALB_B27_s21_PLANI-KOMBETAR-I-VEPRIMIT-PER-MOSHIMIN-shq_compressed.pdf\">PLANI KOMB\u00cbTAR I VEPRIMIT P\u00cbR MOSHIMIN (2020-2024)<\/a><a href=\"https:\/\/ryderalbania.org.al\/wp-content\/uploads\/2023\/10\/ALB_B27_s21_PLANI-KOMBETAR-I-VEPRIMIT-PER-MOSHIMIN-shq_compressed.pdf\" class=\"wp-block-file__button wp-element-button\" download=\"\" aria-describedby=\"wp-block-file--media-0384b4e6-2181-4964-9fb1-922e04b7a4e2\">Shkarko<\/a><\/div>\r\n\r\n\r\n\r\n<div class=\"wp-block-file\"><a id=\"wp-block-file--media-0513dfb0-f85e-4e7d-b428-e34c5267e96b\" href=\"https:\/\/ryderalbania.org.al\/wp-content\/uploads\/2023\/10\/National-cancer-control-program-2022-2030-Albania_compressed.pdf\">Programi Kombetar i Kontrollit te Kancerit (2022-2030)<\/a><a href=\"https:\/\/ryderalbania.org.al\/wp-content\/uploads\/2023\/10\/National-cancer-control-program-2022-2030-Albania_compressed.pdf\" class=\"wp-block-file__button wp-element-button\" download=\"\" aria-describedby=\"wp-block-file--media-0513dfb0-f85e-4e7d-b428-e34c5267e96b\">Shkarko<\/a><\/div>\r\n\r\n\r\n\r\n<div class=\"wp-block-file\"><a id=\"wp-block-file--media-073c14bb-c6ed-4e3b-9ca1-8e67316abf6b\" href=\"https:\/\/ryderalbania.org.al\/wp-content\/uploads\/2023\/10\/PAKETA-BAZE-E-SHERBIMEVE-Paresor.pdf\">PAKETA BAZ\u00cb E SH\u00cbRBIMEVE N\u00cb KUJDESIN SH\u00cbNDET\u00cbSOR PAR\u00cbSOR<\/a><a href=\"https:\/\/ryderalbania.org.al\/wp-content\/uploads\/2023\/10\/PAKETA-BAZE-E-SHERBIMEVE-Paresor.pdf\" class=\"wp-block-file__button wp-element-button\" download=\"\" aria-describedby=\"wp-block-file--media-073c14bb-c6ed-4e3b-9ca1-8e67316abf6b\">Shkarko<\/a><\/div>\r\n\r\n\r\n\r\n<div class=\"wp-block-file\"><a id=\"wp-block-file--media-b5ae70bf-a5fa-4ee8-978f-706868f2e120\" href=\"https:\/\/ryderalbania.org.al\/wp-content\/uploads\/2023\/10\/Kontrata-Drejtori-Rajonale-e-Fondit-Mjek-i-Organizates-Jofitimprurese-i-Certifikuar-per-Ofrim-te-Kujdesit-Paliativ-2023.pdf\">Kontrata me Drejtorine Rajonale te Fondit Mjekesor per Ofrim te Kujdesit Paliativ<\/a><a href=\"https:\/\/ryderalbania.org.al\/wp-content\/uploads\/2023\/10\/Kontrata-Drejtori-Rajonale-e-Fondit-Mjek-i-Organizates-Jofitimprurese-i-Certifikuar-per-Ofrim-te-Kujdesit-Paliativ-2023.pdf\" class=\"wp-block-file__button wp-element-button\" download=\"\" aria-describedby=\"wp-block-file--media-b5ae70bf-a5fa-4ee8-978f-706868f2e120\">Shkarko<\/a><\/div>\r\n","protected":false},"excerpt":{"rendered":"<p>Ligji Nr. 138\/2014 &#8211; &#8220;P\u00cbR KUJDESIN PALIATIV N\u00cb REPUBLIK\u00cbN E SHQIP\u00cbRIS\u00cb&#8221;Shkarko Ligji Nr. 57\/2019 date 18.07.2019 &#8211; &#8220;P\u00cbR ASISTENC\u00cbN SOCIALE N\u00cb REPUBLIK\u00cbN E SHQIP\u00cbRIS\u00cb&#8221;Shkarko Ligji Nr. 121\/2016 date 21.11.2016 &#8211; &#8220;P\u00cbR SH\u00cbRBIMET E KUJDESIT SHOQ\u00cbROR N\u00cb REPUBLIK\u00cbN E SHQIP\u00cbRIS\u00cb&#8221;Shkarko LIGJ Nr.10 107 dat\u00eb 30.3.2009 &#8211; &#8220;P\u00cbR KUJDESIN SH\u00cbNDET\u00cbSOR N\u00cb REPUBLIK\u00cbN E SHQIP\u00cbRIS\u00cb&#8221;Shkarko Ligji Nr. 10383 date 24.02.2011 &#8211; &#8220;P\u00cbR SIGURIMIN &hellip; <\/p>\n","protected":false},"author":2,"featured_media":0,"parent":0,"menu_order":0,"comment_status":"closed","ping_status":"closed","template":"","meta":{"footnotes":""},"class_list":["post-1867","page","type-page","status-publish","hentry"],"_links":{"self":[{"href":"https:\/\/ryderalbania.org.al\/en\/wp-json\/wp\/v2\/pages\/1867"}],"collection":[{"href":"https:\/\/ryderalbania.org.al\/en\/wp-json\/wp\/v2\/pages"}],"about":[{"href":"https:\/\/ryderalbania.org.al\/en\/wp-json\/wp\/v2\/types\/page"}],"author":[{"embeddable":true,"href":"https:\/\/ryderalbania.org.al\/en\/wp-json\/wp\/v2\/users\/2"}],"replies":[{"embeddable":true,"href":"https:\/\/ryderalbania.org.al\/en\/wp-json\/wp\/v2\/comments?post=1867"}],"version-history":[{"count":16,"href":"https:\/\/ryderalbania.org.al\/en\/wp-json\/wp\/v2\/pages\/1867\/revisions"}],"predecessor-version":[{"id":3185,"href":"https:\/\/ryderalbania.org.al\/en\/wp-json\/wp\/v2\/pages\/1867\/revisions\/3185"}],"wp:attachment":[{"href":"https:\/\/ryderalbania.org.al\/en\/wp-json\/wp\/v2\/media?parent=1867"}],"curies":[{"name":"wp","href":"https:\/\/api.w.org\/{rel}","templated":true}]}}